{"id":6935,"date":"2018-05-15T08:21:22","date_gmt":"2018-05-15T08:21:22","guid":{"rendered":"http:\/\/134.209.242.182cookie-declaration\/"},"modified":"2022-02-24T08:42:48","modified_gmt":"2022-02-24T08:42:48","slug":"cookie-declaration","status":"publish","type":"page","link":"https:\/\/orlandos.ro\/en\/cookie-declaration\/","title":{"rendered":"Cookie Declaration"},"content":{"rendered":"<p><div class=\"fusion-fullwidth fullwidth-box fusion-builder-row-1 nonhundred-percent-fullwidth non-hundred-percent-height-scrolling mass-responsive-section\" style=\"--awb-background-position:left top;--awb-border-sizes-top:0px;--awb-border-sizes-bottom:0px;--awb-border-sizes-left:0px;--awb-border-sizes-right:0px;--awb-border-radius-top-left:0px;--awb-border-radius-top-right:0px;--awb-border-radius-bottom-right:0px;--awb-border-radius-bottom-left:0px;--awb-padding-top:20px;--awb-padding-bottom:50px;--awb-flex-wrap:wrap;\" id=\"section1\" ><div class=\"fusion-builder-row fusion-row\"><div class=\"fusion-layout-column fusion_builder_column fusion-builder-column-0 fusion_builder_column_1_1 1_1 fusion-one-full fusion-column-first fusion-column-last mass-intro\" style=\"--awb-padding-right:15%;--awb-padding-left:15%;--awb-bg-size:cover;\"><div class=\"fusion-column-wrapper fusion-column-has-shadow fusion-flex-column-wrapper-legacy\"><div class=\"fusion-text fusion-text-1\"><h1 style=\"text-align: center;\">Cookie Declaration<\/h1>\n<\/div><div class=\"fusion-sep-clear\"><\/div><div class=\"fusion-separator\" style=\"margin-left: auto;margin-right: auto;margin-top:0px;margin-bottom:30px;width:100%;max-width:206px;\"><div class=\"fusion-separator-border sep-single sep-solid\" style=\"--awb-height:20px;--awb-amount:20px;--awb-sep-color:#f41000;border-color:#f41000;border-top-width:2px;\"><\/div><\/div><div class=\"fusion-sep-clear\"><\/div><div class=\"fusion-text fusion-text-2\"><p style=\"text-align: center;\"><script id=\"CookieDeclaration\" src=\"https:\/\/consent.cookiebot.com\/37e0d12c-a6ee-4055-98cb-279daea8ced8\/cd.js\" type=\"text\/javascript\" async><\/script><\/p>\n<\/div><div class=\"fusion-clearfix\"><\/div><\/div><\/div><\/div><\/div><div class=\"fusion-fullwidth fullwidth-box fusion-builder-row-2 nonhundred-percent-fullwidth non-hundred-percent-height-scrolling fusion-equal-height-columns\" style=\"--awb-background-position:center bottom;--awb-border-sizes-top:0px;--awb-border-sizes-bottom:0px;--awb-border-sizes-left:0px;--awb-border-sizes-right:0px;--awb-border-radius-top-left:0px;--awb-border-radius-top-right:0px;--awb-border-radius-bottom-right:0px;--awb-border-radius-bottom-left:0px;--awb-padding-top:50px;--awb-padding-bottom:40px;--awb-flex-wrap:wrap;\" ><div class=\"fusion-builder-row fusion-row\"><div class=\"fusion-layout-column fusion_builder_column fusion-builder-column-1 fusion_builder_column_2_3 2_3 fusion-two-third fusion-column-first\" style=\"--awb-bg-size:cover;--awb-margin-bottom:25px;width:66.666666666667%;width:calc(66.666666666667% - ( ( 50px ) * 0.66666666666667 ) );margin-right: 50px;\"><div class=\"fusion-column-wrapper fusion-flex-column-wrapper-legacy\"><div class=\"fusion-column-content-centered\"><div class=\"fusion-column-content\"><div class=\"fusion-text fusion-text-3\"><h1 style=\"font-weight: 300;\">Take advantage of our offers<\/h1>\n<\/div><div class=\"fusion-sep-clear\"><\/div><div class=\"fusion-separator fusion-clearfix\" style=\"float:left;margin-top:0px;margin-bottom:30px;width:100%;max-width:206px;\"><div class=\"fusion-separator-border sep-single sep-solid\" style=\"--awb-height:20px;--awb-amount:20px;--awb-sep-color:#f41000;border-color:#f41000;border-top-width:2px;\"><\/div><\/div><div class=\"fusion-sep-clear\"><\/div><div class=\"fusion-text fusion-text-4\"><h3>Keep this page under observation or subscribe to the newsletter so you will not miss a chance to win prizes or enjoy the products you love at a better price than usual.<\/h3>\n<\/div><\/div><\/div><div class=\"fusion-clearfix\"><\/div><\/div><\/div><div class=\"fusion-layout-column fusion_builder_column fusion-builder-column-2 fusion_builder_column_1_3 1_3 fusion-one-third fusion-column-last\" style=\"--awb-bg-size:cover;width:33.333333333333%;width:calc(33.333333333333% - ( ( 50px ) * 0.33333333333333 ) );\"><div class=\"fusion-column-wrapper fusion-flex-column-wrapper-legacy\"><div class=\"fusion-column-content-centered\"><div class=\"fusion-column-content\">\r\n        \r\n\r\n                <form class=\"wpuf-form-add weforms-14013  wpuf-style\" action=\"\" method=\"post\"   id=\"\">\r\n\r\n            <ul class=\"wpuf-form form-label-hidden\">\r\n\r\n                        <li class=\"wpuf-el your_email_address\" data-label=\"Your email address\">\r\n                    <div class=\"wpuf-label\">\r\n            <label for=\"your_email_address_14013\">Your email address <span class=\"required\">*<\/span><\/label>\r\n        <\/div>\r\n        \r\n            <div class=\"wpuf-fields\">\r\n                <input\r\n                    id=\"your_email_address_14013\"\r\n                    type=\"email\"\r\n                    class=\"email  wpuf_your_email_address_14013\"\r\n                    data-duplicate=\"no\"\r\n                    data-required=\"yes\"\r\n                    data-type=\"email\"\r\n                    data-style=\"wpuf-style\"\r\n                    name=\"your_email_address\"\r\n                    placeholder=\"Your email address\"\r\n                    value=\"\"\r\n                    size=\"\"\r\n                    autocomplete=\"email\"\r\n                \/>\r\n                            <\/div>\r\n        <\/li>\r\n                <li class=\"wpuf-submit\">\r\n            <div class=\"wpuf-label\">\r\n                &nbsp;\r\n            <\/div>\r\n\r\n            <input type=\"hidden\" id=\"_wpnonce\" name=\"_wpnonce\" value=\"8c1bdb7ae1\" \/><input type=\"hidden\" name=\"_wp_http_referer\" value=\"\/en\/wp-json\/wp\/v2\/pages\/6935\" \/>\r\n            <input type=\"hidden\" name=\"form_id\" value=\"14013\">\r\n            <input type=\"hidden\" name=\"page_id\" value=\"6935\">\r\n            <input type=\"hidden\" name=\"action\" value=\"weforms_frontend_submit\">\r\n\r\n                            <input type=\"hidden\" name=\"weforms-front-report\" value=\"no\">\r\n            \r\n            \r\n                            <input type=\"submit\" class=\"weforms_submit_btn wpuf_submit_14013\" name=\"submit\" value=\"SEND\" \/>\r\n                    <\/li>\r\n                <\/ul>\r\n\r\n        <\/form>\r\n                <div class=\"fusion-sep-clear\"><\/div><div class=\"fusion-separator fusion-full-width-sep\" style=\"margin-left: auto;margin-right: auto;margin-top:10px;width:100%;\"><\/div><div class=\"fusion-sep-clear\"><\/div><div class=\"fusion-text fusion-text-5\"><p style=\"text-align: left;\">It only takes a few seconds!<\/p>\n<\/div><\/div><\/div><div class=\"fusion-clearfix\"><\/div><\/div><\/div><\/div><\/div><\/p>\n","protected":false},"excerpt":{"rendered":"","protected":false},"author":1,"featured_media":0,"parent":0,"menu_order":0,"comment_status":"closed","ping_status":"closed","template":"100-width.php","meta":{"footnotes":""},"class_list":["post-6935","page","type-page","status-publish","hentry"],"acf":[],"yoast_head":"<!-- This site is optimized with the Yoast SEO Premium plugin v24.8 (Yoast SEO v27.3) - https:\/\/yoast.com\/product\/yoast-seo-premium-wordpress\/ -->\n<title>Cookie Declaration &#8226; Orlando&#039;s Romania<\/title>\n<meta name=\"description\" content=\"This site uses cookies. We use cookies to customize content and ads to provide social networking features.\" \/>\n<meta name=\"robots\" content=\"index, follow, max-snippet:-1, max-image-preview:large, max-video-preview:-1\" \/>\n<link rel=\"canonical\" href=\"https:\/\/orlandos.ro\/en\/cookie-declaration\/\" \/>\n<meta property=\"og:locale\" content=\"en_US\" \/>\n<meta property=\"og:type\" content=\"article\" \/>\n<meta property=\"og:title\" content=\"Cookie Declaration\" \/>\n<meta property=\"og:description\" content=\"This site uses cookies. We use cookies to customize content and ads to provide social networking features.\" \/>\n<meta property=\"og:url\" content=\"https:\/\/orlandos.ro\/en\/cookie-declaration\/\" \/>\n<meta property=\"og:site_name\" content=\"Orlando&#039;s Romania\" \/>\n<meta property=\"article:publisher\" content=\"https:\/\/www.facebook.com\/orlandos.ro\/\" \/>\n<meta property=\"article:modified_time\" content=\"2022-02-24T08:42:48+00:00\" \/>\n<meta name=\"twitter:card\" content=\"summary_large_image\" \/>\n<meta name=\"twitter:site\" content=\"@orlandos_ro\" \/>\n<meta name=\"twitter:label1\" content=\"Est. reading time\" \/>\n\t<meta name=\"twitter:data1\" content=\"5 minutes\" \/>\n<script type=\"application\/ld+json\" class=\"yoast-schema-graph\">{\"@context\":\"https:\\\/\\\/schema.org\",\"@graph\":[{\"@type\":\"WebPage\",\"@id\":\"https:\\\/\\\/orlandos.ro\\\/en\\\/cookie-declaration\\\/\",\"url\":\"https:\\\/\\\/orlandos.ro\\\/en\\\/cookie-declaration\\\/\",\"name\":\"Cookie Declaration &#8226; Orlando&#039;s Romania\",\"isPartOf\":{\"@id\":\"https:\\\/\\\/orlandos.ro\\\/en\\\/#website\"},\"datePublished\":\"2018-05-15T08:21:22+00:00\",\"dateModified\":\"2022-02-24T08:42:48+00:00\",\"description\":\"This site uses cookies. We use cookies to customize content and ads to provide social networking features.\",\"breadcrumb\":{\"@id\":\"https:\\\/\\\/orlandos.ro\\\/en\\\/cookie-declaration\\\/#breadcrumb\"},\"inLanguage\":\"en-US\",\"potentialAction\":[{\"@type\":\"ReadAction\",\"target\":[\"https:\\\/\\\/orlandos.ro\\\/en\\\/cookie-declaration\\\/\"]}]},{\"@type\":\"BreadcrumbList\",\"@id\":\"https:\\\/\\\/orlandos.ro\\\/en\\\/cookie-declaration\\\/#breadcrumb\",\"itemListElement\":[{\"@type\":\"ListItem\",\"position\":1,\"name\":\"Home\",\"item\":\"https:\\\/\\\/orlandos.ro\\\/en\\\/\"},{\"@type\":\"ListItem\",\"position\":2,\"name\":\"Cookie Declaration\"}]},{\"@type\":\"WebSite\",\"@id\":\"https:\\\/\\\/orlandos.ro\\\/en\\\/#website\",\"url\":\"https:\\\/\\\/orlandos.ro\\\/en\\\/\",\"name\":\"Orlando's Romania\",\"description\":\"R\u0103sfa\u0163\u0103-te cu deliciile Orlando&#039;s!\",\"publisher\":{\"@id\":\"https:\\\/\\\/orlandos.ro\\\/en\\\/#organization\"},\"potentialAction\":[{\"@type\":\"SearchAction\",\"target\":{\"@type\":\"EntryPoint\",\"urlTemplate\":\"https:\\\/\\\/orlandos.ro\\\/en\\\/?s={search_term_string}\"},\"query-input\":{\"@type\":\"PropertyValueSpecification\",\"valueRequired\":true,\"valueName\":\"search_term_string\"}}],\"inLanguage\":\"en-US\"},{\"@type\":\"Organization\",\"@id\":\"https:\\\/\\\/orlandos.ro\\\/en\\\/#organization\",\"name\":\"Orlando's\",\"url\":\"https:\\\/\\\/orlandos.ro\\\/en\\\/\",\"logo\":{\"@type\":\"ImageObject\",\"inLanguage\":\"en-US\",\"@id\":\"https:\\\/\\\/orlandos.ro\\\/en\\\/#\\\/schema\\\/logo\\\/image\\\/\",\"url\":\"https:\\\/\\\/orlandos.ro\\\/wp-content\\\/uploads\\\/2020\\\/03\\\/Orlandos-new-logo2x.png\",\"contentUrl\":\"https:\\\/\\\/orlandos.ro\\\/wp-content\\\/uploads\\\/2020\\\/03\\\/Orlandos-new-logo2x.png\",\"width\":240,\"height\":148,\"caption\":\"Orlando's\"},\"image\":{\"@id\":\"https:\\\/\\\/orlandos.ro\\\/en\\\/#\\\/schema\\\/logo\\\/image\\\/\"},\"sameAs\":[\"https:\\\/\\\/www.facebook.com\\\/orlandos.ro\\\/\",\"https:\\\/\\\/x.com\\\/orlandos_ro\",\"https:\\\/\\\/www.instagram.com\\\/orlandos.ro\\\/\",\"https:\\\/\\\/www.youtube.com\\\/c\\\/Orlandos\"]}]}<\/script>\n<!-- \/ Yoast SEO Premium plugin. -->","yoast_head_json":{"title":"Cookie Declaration &#8226; Orlando&#039;s Romania","description":"This site uses cookies. We use cookies to customize content and ads to provide social networking features.","robots":{"index":"index","follow":"follow","max-snippet":"max-snippet:-1","max-image-preview":"max-image-preview:large","max-video-preview":"max-video-preview:-1"},"canonical":"https:\/\/orlandos.ro\/en\/cookie-declaration\/","og_locale":"en_US","og_type":"article","og_title":"Cookie Declaration","og_description":"This site uses cookies. We use cookies to customize content and ads to provide social networking features.","og_url":"https:\/\/orlandos.ro\/en\/cookie-declaration\/","og_site_name":"Orlando&#039;s Romania","article_publisher":"https:\/\/www.facebook.com\/orlandos.ro\/","article_modified_time":"2022-02-24T08:42:48+00:00","twitter_card":"summary_large_image","twitter_site":"@orlandos_ro","twitter_misc":{"Est. reading time":"5 minutes"},"schema":{"@context":"https:\/\/schema.org","@graph":[{"@type":"WebPage","@id":"https:\/\/orlandos.ro\/en\/cookie-declaration\/","url":"https:\/\/orlandos.ro\/en\/cookie-declaration\/","name":"Cookie Declaration &#8226; Orlando&#039;s Romania","isPartOf":{"@id":"https:\/\/orlandos.ro\/en\/#website"},"datePublished":"2018-05-15T08:21:22+00:00","dateModified":"2022-02-24T08:42:48+00:00","description":"This site uses cookies. We use cookies to customize content and ads to provide social networking features.","breadcrumb":{"@id":"https:\/\/orlandos.ro\/en\/cookie-declaration\/#breadcrumb"},"inLanguage":"en-US","potentialAction":[{"@type":"ReadAction","target":["https:\/\/orlandos.ro\/en\/cookie-declaration\/"]}]},{"@type":"BreadcrumbList","@id":"https:\/\/orlandos.ro\/en\/cookie-declaration\/#breadcrumb","itemListElement":[{"@type":"ListItem","position":1,"name":"Home","item":"https:\/\/orlandos.ro\/en\/"},{"@type":"ListItem","position":2,"name":"Cookie Declaration"}]},{"@type":"WebSite","@id":"https:\/\/orlandos.ro\/en\/#website","url":"https:\/\/orlandos.ro\/en\/","name":"Orlando's Romania","description":"R\u0103sfa\u0163\u0103-te cu deliciile Orlando&#039;s!","publisher":{"@id":"https:\/\/orlandos.ro\/en\/#organization"},"potentialAction":[{"@type":"SearchAction","target":{"@type":"EntryPoint","urlTemplate":"https:\/\/orlandos.ro\/en\/?s={search_term_string}"},"query-input":{"@type":"PropertyValueSpecification","valueRequired":true,"valueName":"search_term_string"}}],"inLanguage":"en-US"},{"@type":"Organization","@id":"https:\/\/orlandos.ro\/en\/#organization","name":"Orlando's","url":"https:\/\/orlandos.ro\/en\/","logo":{"@type":"ImageObject","inLanguage":"en-US","@id":"https:\/\/orlandos.ro\/en\/#\/schema\/logo\/image\/","url":"https:\/\/orlandos.ro\/wp-content\/uploads\/2020\/03\/Orlandos-new-logo2x.png","contentUrl":"https:\/\/orlandos.ro\/wp-content\/uploads\/2020\/03\/Orlandos-new-logo2x.png","width":240,"height":148,"caption":"Orlando's"},"image":{"@id":"https:\/\/orlandos.ro\/en\/#\/schema\/logo\/image\/"},"sameAs":["https:\/\/www.facebook.com\/orlandos.ro\/","https:\/\/x.com\/orlandos_ro","https:\/\/www.instagram.com\/orlandos.ro\/","https:\/\/www.youtube.com\/c\/Orlandos"]}]}},"_links":{"self":[{"href":"https:\/\/orlandos.ro\/en\/wp-json\/wp\/v2\/pages\/6935","targetHints":{"allow":["GET"]}}],"collection":[{"href":"https:\/\/orlandos.ro\/en\/wp-json\/wp\/v2\/pages"}],"about":[{"href":"https:\/\/orlandos.ro\/en\/wp-json\/wp\/v2\/types\/page"}],"author":[{"embeddable":true,"href":"https:\/\/orlandos.ro\/en\/wp-json\/wp\/v2\/users\/1"}],"replies":[{"embeddable":true,"href":"https:\/\/orlandos.ro\/en\/wp-json\/wp\/v2\/comments?post=6935"}],"version-history":[{"count":0,"href":"https:\/\/orlandos.ro\/en\/wp-json\/wp\/v2\/pages\/6935\/revisions"}],"wp:attachment":[{"href":"https:\/\/orlandos.ro\/en\/wp-json\/wp\/v2\/media?parent=6935"}],"curies":[{"name":"wp","href":"https:\/\/api.w.org\/{rel}","templated":true}]}}