{"id":6517,"date":"2018-02-26T15:13:50","date_gmt":"2018-02-26T15:13:50","guid":{"rendered":"http:\/\/134.209.242.182legal-terms\/"},"modified":"2020-05-10T13:26:22","modified_gmt":"2020-05-10T13:26:22","slug":"legal-terms","status":"publish","type":"page","link":"https:\/\/orlandos.ro\/en\/legal-terms\/","title":{"rendered":"Legal Terms"},"content":{"rendered":"<p><div class=\"fusion-fullwidth fullwidth-box fusion-builder-row-1 hundred-percent-fullwidth non-hundred-percent-height-scrolling mass-responsive-section\" style=\"--awb-background-position:left top;--awb-border-radius-top-left:0px;--awb-border-radius-top-right:0px;--awb-border-radius-bottom-right:0px;--awb-border-radius-bottom-left:0px;--awb-padding-top:20px;--awb-padding-bottom:50px;--awb-border-sizes-top:0px;--awb-border-sizes-bottom:0px;--awb-flex-wrap:wrap;\" id=\"section1\" ><div class=\"fusion-builder-row fusion-row\"><div class=\"fusion-layout-column fusion_builder_column fusion-builder-column-0 fusion_builder_column_1_1 1_1 fusion-one-full fusion-column-first fusion-column-last mass-intro\" style=\"--awb-padding-right:15%;--awb-padding-left:15%;--awb-bg-size:cover;\"><div class=\"fusion-column-wrapper fusion-column-has-shadow fusion-flex-column-wrapper-legacy\"><div class=\"fusion-text fusion-text-1\"><h1 style=\"text-align: center;\">Legal Terms<\/h1>\n<\/div><div class=\"fusion-sep-clear\"><\/div><div class=\"fusion-separator\" style=\"margin-left: auto;margin-right: auto;margin-top:0px;margin-bottom:30px;width:100%;max-width:206px;\"><div class=\"fusion-separator-border sep-single sep-solid\" style=\"--awb-height:20px;--awb-amount:20px;--awb-sep-color:#f41000;border-color:#f41000;border-top-width:2px;\"><\/div><\/div><div class=\"fusion-sep-clear\"><\/div><div class=\"fusion-text fusion-text-2\"><p style=\"text-align: center;\">Before using this site, please read carefully the following statements, which apply to this site and all the materials inside it.<\/p>\n<p style=\"text-align: center;\">Access to and use of this site is permitted only in accordance with the terms and conditions below and with the law of the Romanian State.<\/p>\n<p style=\"text-align: center;\">This site (excluding pages owned by third parties to whom links are inserted in this site) is under the control and is operated by: S.C. ORLANDO IMPORT-EXPORT 2001 S.R.L., CLINCENI COMMUNE, SOSEAUA DE CENTURA, NR 5. S.C. ORLANDO IMPORT-EXPORT 2001 S.R.L. is a company established in Romania. <\/ p><\/p>\n<p style = \"text-align: center;\"> This site is designed for people residing in Romania. Because the site can be accessed from various other countries around the world, and each of these countries has laws that may be different from those in Romania, when accessing both our site and you, we agree that at all issues arising out of or related to the use and content of this site, to apply the Romanian legislation. You also agree to and hereby submit to the exclusive jurisdiction of the Romanian courts in respect of such matters.<\/p>\n<\/div><div class=\"fusion-clearfix\"><\/div><\/div><\/div><\/div><\/div><div class=\"fusion-fullwidth fullwidth-box fusion-builder-row-2 hundred-percent-fullwidth non-hundred-percent-height-scrolling\" style=\"--awb-background-position:left top;--awb-border-radius-top-left:0px;--awb-border-radius-top-right:0px;--awb-border-radius-bottom-right:0px;--awb-border-radius-bottom-left:0px;--awb-padding-top:0px;--awb-padding-left:30px;--awb-background-color:#f5f5f5;--awb-border-sizes-top:0px;--awb-border-sizes-bottom:0px;--awb-flex-wrap:wrap;\" ><div class=\"fusion-builder-row fusion-row\"><div class=\"fusion-layout-column fusion_builder_column fusion-builder-column-1 fusion_builder_column_1_1 1_1 fusion-one-full fusion-column-first fusion-column-last\" style=\"--awb-bg-size:cover;\"><div class=\"fusion-column-wrapper fusion-flex-column-wrapper-legacy\"><div class=\"fusion-section-separator section-separator big-half-circle fusion-section-separator-1\" style=\"--awb-spacer-height:99px;--awb-svg-margin-left:0;--awb-svg-margin-right:0;--awb-divider-height:99px;--awb-spacer-padding-top:inherit;--awb-sep-padding:0;--awb-svg-padding:0;\"><div class=\"fusion-section-separator-svg\"><svg class=\"fusion-big-half-circle-candy\" xmlns=\"http:\/\/www.w3.org\/2000\/svg\" version=\"1.1\" width=\"100%\" height=\"100\" viewBox=\"0 0 100 100\" preserveAspectRatio=\"none\" fill=\"rgba(255,255,255,1)\"><path d=\"M0 0 C55 180 100 0 100 0 Z\"><\/path><\/svg><\/div><div class=\"fusion-section-separator-spacer\"><div class=\"fusion-section-separator-spacer-height\"><\/div><\/div><\/div><div class=\"fusion-sep-clear\"><\/div><div class=\"fusion-separator fusion-full-width-sep\" style=\"margin-left: auto;margin-right: auto;margin-top:80px;width:100%;\"><\/div><div class=\"fusion-sep-clear\"><\/div><div class=\"fusion-clearfix\"><\/div><\/div><\/div><div class=\"fusion-layout-column fusion_builder_column fusion-builder-column-2 fusion_builder_column_1_1 1_1 fusion-one-full fusion-column-first fusion-column-last\" style=\"--awb-padding-right:15%;--awb-padding-left:15%;--awb-bg-size:cover;\"><div class=\"fusion-column-wrapper fusion-flex-column-wrapper-legacy\"><div class=\"fusion-text fusion-text-3\"><h2 style=\"font-weight: 300; text-align: center;\">Copyright<\/h2>\n<\/div><div class=\"fusion-sep-clear\"><\/div><div class=\"fusion-separator\" style=\"margin-left: auto;margin-right: auto;margin-top:0px;margin-bottom:30px;width:100%;max-width:206px;\"><div class=\"fusion-separator-border sep-single sep-solid\" style=\"--awb-height:20px;--awb-amount:20px;--awb-sep-color:#f41000;border-color:#f41000;border-top-width:2px;\"><\/div><\/div><div class=\"fusion-sep-clear\"><\/div><div class=\"fusion-text fusion-text-4\"><p style=\"text-align: center;\">Copyright: ORLANDO. All rights reserved. Copyright or other intellectual property rights in respect of texts, images, sounds, software, and any other materials inside this site are the exclusive property of ORLANDO or are included with the permission of the rightful owner.<\/p>\n<p style=\"text-align: center;\">It is allowed to browse the ORLANDO website, reproduce some passages by printing, downloading, and alienating to other people, but in all cases only for non-commercial purposes, that is, for information or personal purposes only. No reproduction of any part of this site may be sold or distributed for commercial purposes, nor may it be modified or used in other works, publications or websites, whether electronic or printed or posted on other sites. ORLANDO does not grant visitors to this site any license or right to post and\/or downloaded content, as well as to the content and structure of this site.<\/p>\n<\/div><div class=\"fusion-sep-clear\"><\/div><div class=\"fusion-separator fusion-full-width-sep\" style=\"margin-left: auto;margin-right: auto;margin-top:30px;width:100%;\"><\/div><div class=\"fusion-sep-clear\"><\/div><div class=\"fusion-text fusion-text-5\"><h2 style=\"font-weight: 300; text-align: center;\">Trademarks<\/h2>\n<\/div><div class=\"fusion-sep-clear\"><\/div><div class=\"fusion-separator\" style=\"margin-left: auto;margin-right: auto;margin-top:0px;margin-bottom:30px;width:100%;max-width:206px;\"><div class=\"fusion-separator-border sep-single sep-solid\" style=\"--awb-height:20px;--awb-amount:20px;--awb-sep-color:#f41000;border-color:#f41000;border-top-width:2px;\"><\/div><\/div><div class=\"fusion-sep-clear\"><\/div><div class=\"fusion-text fusion-text-6\"><p style=\"text-align: center;\">All registered trademarks (brand names, logos, container forms, etc.) appearing within this ORLANDO site are either owned or licensed by ORLANDO. It is strictly forbidden unauthorized use of any trademark posted on this site.<\/p>\n<\/div><div class=\"fusion-sep-clear\"><\/div><div class=\"fusion-separator fusion-full-width-sep\" style=\"margin-left: auto;margin-right: auto;margin-top:30px;width:100%;\"><\/div><div class=\"fusion-sep-clear\"><\/div><div class=\"fusion-text fusion-text-7\"><h2 style=\"font-weight: 300; text-align: center;\">Availability of products<\/h2>\n<\/div><div class=\"fusion-sep-clear\"><\/div><div class=\"fusion-separator\" style=\"margin-left: auto;margin-right: auto;margin-top:0px;margin-bottom:30px;width:100%;max-width:206px;\"><div class=\"fusion-separator-border sep-single sep-solid\" style=\"--awb-height:20px;--awb-amount:20px;--awb-sep-color:#f41000;border-color:#f41000;border-top-width:2px;\"><\/div><\/div><div class=\"fusion-sep-clear\"><\/div><div class=\"fusion-text fusion-text-8\"><p style=\"text-align: center;\">This site is designed for general information purposes and addresses people residing in Romania.<\/p>\n<p style=\"text-align: center;\">References to any product or service presented on this site do not constitute an offer to sell or supply that product \/ service and does not imply that the product\/service is distributed in countries other than Romania or as the name, description or specification of the product or service will be, in other countries, the same as those included in the site. Information about the availability or suitability of a particular product\/service in a country other than Romania must be requested from your local ORLANDO representative (branch, branch of that country) or your local distributor\/distributor.<\/p>\n<p style=\"text-align: center;\">There is also the possibility that some brands of products and services of other ORLANDO member companies that are found on this site owned by ORLANDO may not necessarily be distributed in Romania.<\/p>\n<\/div><div class=\"fusion-sep-clear\"><\/div><div class=\"fusion-separator fusion-full-width-sep\" style=\"margin-left: auto;margin-right: auto;margin-top:30px;width:100%;\"><\/div><div class=\"fusion-sep-clear\"><\/div><div class=\"fusion-text fusion-text-9\"><h2 style=\"font-weight: 300; text-align: center;\">Shares and other securities<\/h2>\n<\/div><div class=\"fusion-sep-clear\"><\/div><div class=\"fusion-separator\" style=\"margin-left: auto;margin-right: auto;margin-top:0px;margin-bottom:30px;width:100%;max-width:206px;\"><div class=\"fusion-separator-border sep-single sep-solid\" style=\"--awb-height:20px;--awb-amount:20px;--awb-sep-color:#f41000;border-color:#f41000;border-top-width:2px;\"><\/div><\/div><div class=\"fusion-sep-clear\"><\/div><div class=\"fusion-text fusion-text-10\"><p style=\"text-align: center;\">No information on this site constitutes an invitation to invest in ORLANDO member companies or any of their subsidiaries and \/ or their subsidiaries. The price of the shares of ORLANDO and the proceeds of these shares may go up or down, and investors may not recover their initial amount invested. Past performance is not necessarily an indication of future performance.<\/p>\n<\/div><div class=\"fusion-sep-clear\"><\/div><div class=\"fusion-separator fusion-full-width-sep\" style=\"margin-left: auto;margin-right: auto;margin-top:30px;width:100%;\"><\/div><div class=\"fusion-sep-clear\"><\/div><div class=\"fusion-text fusion-text-11\"><h2 style=\"font-weight: 300; text-align: center;\">Site content<\/h2>\n<\/div><div class=\"fusion-sep-clear\"><\/div><div class=\"fusion-separator\" style=\"margin-left: auto;margin-right: auto;margin-top:0px;margin-bottom:30px;width:100%;max-width:206px;\"><div class=\"fusion-separator-border sep-single sep-solid\" style=\"--awb-height:20px;--awb-amount:20px;--awb-sep-color:#f41000;border-color:#f41000;border-top-width:2px;\"><\/div><\/div><div class=\"fusion-sep-clear\"><\/div><div class=\"fusion-text fusion-text-12\"><p style=\"text-align: center;\">The information on this site was introduced in good faith, but only for the purpose of general information.<\/p>\n<p style=\"text-align: center;\">ORLANDO does not warrant that the information contained in this site is complete or accurate; this information should not be considered relevant in certain situations.<\/p>\n<p style=\"text-align: center;\">No information contained on this site constitutes a recommendation to invest in any ORLANDO member company.<\/p>\n<p style=\"text-align: center;\">Neither ORLANDO nor any ORLANDO member company or their employees or members of their families can be held liable for any loss, destruction or expense (including, but not limited to, any loss of profits, indirect, incidental or incidental consequence) that may result from the access or use of this site.<\/p>\n<p style=\"text-align: center;\">ORLANDO reserves the right to make changes and corrections to this site, when deemed appropriate, in the manner, it deems appropriate and without prior notice.<\/p>\n<\/div><div class=\"fusion-sep-clear\"><\/div><div class=\"fusion-separator fusion-full-width-sep\" style=\"margin-left: auto;margin-right: auto;margin-top:30px;width:100%;\"><\/div><div class=\"fusion-sep-clear\"><\/div><div class=\"fusion-text fusion-text-13\"><h2 style=\"font-weight: 300; text-align: center;\">Related sites<\/h2>\n<\/div><div class=\"fusion-sep-clear\"><\/div><div class=\"fusion-separator\" style=\"margin-left: auto;margin-right: auto;margin-top:0px;margin-bottom:30px;width:100%;max-width:206px;\"><div class=\"fusion-separator-border sep-single sep-solid\" style=\"--awb-height:20px;--awb-amount:20px;--awb-sep-color:#f41000;border-color:#f41000;border-top-width:2px;\"><\/div><\/div><div class=\"fusion-sep-clear\"><\/div><div class=\"fusion-text fusion-text-14\"><p style=\"text-align: center;\">The ORLANDO website can provide automatic links to other sites of ORLANDO or other ORLANDO member companies on certain pages. Before using these sites, please read carefully the pages on the Legal Terms and Privacy Policy of each site.<\/p>\n<p style=\"text-align: center;\">The ORLANDO website may also provide, on certain pages, automated links to other websites relevant to a particular aspect of our site but not controlled and operated by ORLANDO or other member companies but ORLANDO. These related sites are the property of third parties and are administered by them. The fact that our site has links to these linked sites does not necessarily mean that ORLANDO is associated with any of these sites or their owners. ORLANDO only offers access to related sites. Neither ORLANDO nor any other ORLANDO member company nor its agents or employees may be held responsible for any risk of any kind with regard to the content of these sites. No information from these sites has been verified or guaranteed by ORLANDO or any other ORLANDO company or its agents or employees.<\/p>\n<p style=\"text-align: center;\">You can return to the ORLANDO website by clicking on the &#8220;Back&#8221; icon in the internet browser or by writing back the address of our site.<\/p>\n<\/div><div class=\"fusion-clearfix\"><\/div><\/div><\/div><\/div><\/div><div class=\"fusion-fullwidth fullwidth-box fusion-builder-row-3 nonhundred-percent-fullwidth non-hundred-percent-height-scrolling fusion-equal-height-columns\" style=\"--awb-background-position:center bottom;--awb-border-radius-top-left:0px;--awb-border-radius-top-right:0px;--awb-border-radius-bottom-right:0px;--awb-border-radius-bottom-left:0px;--awb-padding-top:50px;--awb-padding-bottom:40px;--awb-border-sizes-top:0px;--awb-border-sizes-bottom:0px;--awb-flex-wrap:wrap;\" ><div class=\"fusion-builder-row fusion-row\"><div class=\"fusion-layout-column fusion_builder_column fusion-builder-column-3 fusion_builder_column_2_3 2_3 fusion-two-third fusion-column-first\" style=\"--awb-bg-size:cover;--awb-margin-bottom:25px;width:66.666666666667%;width:calc(66.666666666667% - ( ( 50px ) * 0.66666666666667 ) );margin-right: 50px;\"><div class=\"fusion-column-wrapper fusion-flex-column-wrapper-legacy\"><div class=\"fusion-column-content-centered\"><div class=\"fusion-column-content\"><div class=\"fusion-text fusion-text-15\"><h1 style=\"font-weight: 300;\">Take advantage of our offers<\/h1>\n<\/div><div class=\"fusion-sep-clear\"><\/div><div class=\"fusion-separator fusion-clearfix\" style=\"float:left;margin-top:0px;margin-bottom:30px;width:100%;max-width:206px;\"><div class=\"fusion-separator-border sep-single sep-solid\" style=\"--awb-height:20px;--awb-amount:20px;--awb-sep-color:#f41000;border-color:#f41000;border-top-width:2px;\"><\/div><\/div><div class=\"fusion-sep-clear\"><\/div><div class=\"fusion-text fusion-text-16\"><h3>Keep this page under observation or subscribe to the newsletter so you will not miss a chance to win prizes or enjoy the products you love at a better price than usual.<\/h3>\n<\/div><\/div><\/div><div class=\"fusion-clearfix\"><\/div><\/div><\/div><div class=\"fusion-layout-column fusion_builder_column fusion-builder-column-4 fusion_builder_column_1_3 1_3 fusion-one-third fusion-column-last\" style=\"--awb-bg-size:cover;width:33.333333333333%;width:calc(33.333333333333% - ( ( 50px ) * 0.33333333333333 ) );\"><div class=\"fusion-column-wrapper fusion-flex-column-wrapper-legacy\"><div class=\"fusion-column-content-centered\"><div class=\"fusion-column-content\">\r\n        \r\n\r\n                <form class=\"wpuf-form-add weforms-14013  wpuf-style\" action=\"\" method=\"post\"   id=\"\">\r\n\r\n            <ul class=\"wpuf-form form-label-hidden\">\r\n\r\n                        <li class=\"wpuf-el your_email_address\" data-label=\"Your email address\">\r\n                    <div class=\"wpuf-label\">\r\n            <label for=\"your_email_address_14013\">Your email address <span class=\"required\">*<\/span><\/label>\r\n        <\/div>\r\n        \r\n            <div class=\"wpuf-fields\">\r\n                <input\r\n                    id=\"your_email_address_14013\"\r\n                    type=\"email\"\r\n                    class=\"email  wpuf_your_email_address_14013\"\r\n                    data-duplicate=\"no\"\r\n                    data-required=\"yes\"\r\n                    data-type=\"email\"\r\n                    data-style=\"wpuf-style\"\r\n                    name=\"your_email_address\"\r\n                    placeholder=\"Your email address\"\r\n                    value=\"\"\r\n                    size=\"\"\r\n                    autocomplete=\"email\"\r\n                \/>\r\n                            <\/div>\r\n        <\/li>\r\n                <li class=\"wpuf-submit\">\r\n            <div class=\"wpuf-label\">\r\n                &nbsp;\r\n            <\/div>\r\n\r\n            <input type=\"hidden\" id=\"_wpnonce\" name=\"_wpnonce\" value=\"a75bc033ca\" \/><input type=\"hidden\" name=\"_wp_http_referer\" value=\"\/en\/wp-json\/wp\/v2\/pages\/6517\" \/>\r\n            <input type=\"hidden\" name=\"form_id\" value=\"14013\">\r\n            <input type=\"hidden\" name=\"page_id\" value=\"6517\">\r\n            <input type=\"hidden\" name=\"action\" value=\"weforms_frontend_submit\">\r\n\r\n                            <input type=\"hidden\" name=\"weforms-front-report\" value=\"no\">\r\n            \r\n            \r\n                            <input type=\"submit\" class=\"weforms_submit_btn wpuf_submit_14013\" name=\"submit\" value=\"SEND\" \/>\r\n                    <\/li>\r\n                <\/ul>\r\n\r\n        <\/form>\r\n                <div class=\"fusion-sep-clear\"><\/div><div class=\"fusion-separator fusion-full-width-sep\" style=\"margin-left: auto;margin-right: auto;margin-top:10px;width:100%;\"><\/div><div class=\"fusion-sep-clear\"><\/div><div class=\"fusion-text fusion-text-17\"><p style=\"text-align: left;\">It only takes a few seconds!<\/p>\n<\/div><\/div><\/div><div class=\"fusion-clearfix\"><\/div><\/div><\/div><\/div><\/div><\/p>\n","protected":false},"excerpt":{"rendered":"","protected":false},"author":1,"featured_media":0,"parent":0,"menu_order":0,"comment_status":"closed","ping_status":"open","template":"100-width.php","meta":{"footnotes":""},"class_list":["post-6517","page","type-page","status-publish","hentry"],"acf":[],"yoast_head":"<!-- This site is optimized with the Yoast SEO Premium plugin v24.8 (Yoast SEO v27.3) - https:\/\/yoast.com\/product\/yoast-seo-premium-wordpress\/ -->\n<title>Legal Terms &#8226; Orlando&#039;s Romania<\/title>\n<meta name=\"description\" content=\"Before using this site, please read the following below, which apply to this site and all the materials inside it.\" \/>\n<meta name=\"robots\" content=\"index, follow, max-snippet:-1, max-image-preview:large, max-video-preview:-1\" \/>\n<link rel=\"canonical\" href=\"https:\/\/orlandos.ro\/en\/legal-terms\/\" \/>\n<meta property=\"og:locale\" content=\"en_US\" \/>\n<meta property=\"og:type\" content=\"article\" \/>\n<meta property=\"og:title\" content=\"Legal Terms\" \/>\n<meta property=\"og:description\" content=\"Before using this site, please read the following below, which apply to this site and all the materials inside it.\" \/>\n<meta property=\"og:url\" content=\"https:\/\/orlandos.ro\/en\/legal-terms\/\" \/>\n<meta property=\"og:site_name\" content=\"Orlando&#039;s Romania\" \/>\n<meta property=\"article:publisher\" content=\"https:\/\/www.facebook.com\/orlandos.ro\/\" \/>\n<meta property=\"article:modified_time\" content=\"2020-05-10T13:26:22+00:00\" \/>\n<meta name=\"twitter:card\" content=\"summary_large_image\" \/>\n<meta name=\"twitter:site\" content=\"@orlandos_ro\" \/>\n<meta name=\"twitter:label1\" content=\"Est. reading time\" \/>\n\t<meta name=\"twitter:data1\" content=\"12 minutes\" \/>\n<script type=\"application\/ld+json\" class=\"yoast-schema-graph\">{\"@context\":\"https:\\\/\\\/schema.org\",\"@graph\":[{\"@type\":\"WebPage\",\"@id\":\"https:\\\/\\\/orlandos.ro\\\/en\\\/legal-terms\\\/\",\"url\":\"https:\\\/\\\/orlandos.ro\\\/en\\\/legal-terms\\\/\",\"name\":\"Legal Terms &#8226; Orlando&#039;s Romania\",\"isPartOf\":{\"@id\":\"https:\\\/\\\/orlandos.ro\\\/en\\\/#website\"},\"datePublished\":\"2018-02-26T15:13:50+00:00\",\"dateModified\":\"2020-05-10T13:26:22+00:00\",\"description\":\"Before using this site, please read the following below, which apply to this site and all the materials inside it.\",\"breadcrumb\":{\"@id\":\"https:\\\/\\\/orlandos.ro\\\/en\\\/legal-terms\\\/#breadcrumb\"},\"inLanguage\":\"en-US\",\"potentialAction\":[{\"@type\":\"ReadAction\",\"target\":[\"https:\\\/\\\/orlandos.ro\\\/en\\\/legal-terms\\\/\"]}]},{\"@type\":\"BreadcrumbList\",\"@id\":\"https:\\\/\\\/orlandos.ro\\\/en\\\/legal-terms\\\/#breadcrumb\",\"itemListElement\":[{\"@type\":\"ListItem\",\"position\":1,\"name\":\"Home\",\"item\":\"https:\\\/\\\/orlandos.ro\\\/en\\\/\"},{\"@type\":\"ListItem\",\"position\":2,\"name\":\"Legal Terms\"}]},{\"@type\":\"WebSite\",\"@id\":\"https:\\\/\\\/orlandos.ro\\\/en\\\/#website\",\"url\":\"https:\\\/\\\/orlandos.ro\\\/en\\\/\",\"name\":\"Orlando's Romania\",\"description\":\"R\u0103sfa\u0163\u0103-te cu deliciile Orlando&#039;s!\",\"publisher\":{\"@id\":\"https:\\\/\\\/orlandos.ro\\\/en\\\/#organization\"},\"potentialAction\":[{\"@type\":\"SearchAction\",\"target\":{\"@type\":\"EntryPoint\",\"urlTemplate\":\"https:\\\/\\\/orlandos.ro\\\/en\\\/?s={search_term_string}\"},\"query-input\":{\"@type\":\"PropertyValueSpecification\",\"valueRequired\":true,\"valueName\":\"search_term_string\"}}],\"inLanguage\":\"en-US\"},{\"@type\":\"Organization\",\"@id\":\"https:\\\/\\\/orlandos.ro\\\/en\\\/#organization\",\"name\":\"Orlando's\",\"url\":\"https:\\\/\\\/orlandos.ro\\\/en\\\/\",\"logo\":{\"@type\":\"ImageObject\",\"inLanguage\":\"en-US\",\"@id\":\"https:\\\/\\\/orlandos.ro\\\/en\\\/#\\\/schema\\\/logo\\\/image\\\/\",\"url\":\"https:\\\/\\\/orlandos.ro\\\/wp-content\\\/uploads\\\/2020\\\/03\\\/Orlandos-new-logo2x.png\",\"contentUrl\":\"https:\\\/\\\/orlandos.ro\\\/wp-content\\\/uploads\\\/2020\\\/03\\\/Orlandos-new-logo2x.png\",\"width\":240,\"height\":148,\"caption\":\"Orlando's\"},\"image\":{\"@id\":\"https:\\\/\\\/orlandos.ro\\\/en\\\/#\\\/schema\\\/logo\\\/image\\\/\"},\"sameAs\":[\"https:\\\/\\\/www.facebook.com\\\/orlandos.ro\\\/\",\"https:\\\/\\\/x.com\\\/orlandos_ro\",\"https:\\\/\\\/www.instagram.com\\\/orlandos.ro\\\/\",\"https:\\\/\\\/www.youtube.com\\\/c\\\/Orlandos\"]}]}<\/script>\n<!-- \/ Yoast SEO Premium plugin. -->","yoast_head_json":{"title":"Legal Terms &#8226; Orlando&#039;s Romania","description":"Before using this site, please read the following below, which apply to this site and all the materials inside it.","robots":{"index":"index","follow":"follow","max-snippet":"max-snippet:-1","max-image-preview":"max-image-preview:large","max-video-preview":"max-video-preview:-1"},"canonical":"https:\/\/orlandos.ro\/en\/legal-terms\/","og_locale":"en_US","og_type":"article","og_title":"Legal Terms","og_description":"Before using this site, please read the following below, which apply to this site and all the materials inside it.","og_url":"https:\/\/orlandos.ro\/en\/legal-terms\/","og_site_name":"Orlando&#039;s Romania","article_publisher":"https:\/\/www.facebook.com\/orlandos.ro\/","article_modified_time":"2020-05-10T13:26:22+00:00","twitter_card":"summary_large_image","twitter_site":"@orlandos_ro","twitter_misc":{"Est. reading time":"12 minutes"},"schema":{"@context":"https:\/\/schema.org","@graph":[{"@type":"WebPage","@id":"https:\/\/orlandos.ro\/en\/legal-terms\/","url":"https:\/\/orlandos.ro\/en\/legal-terms\/","name":"Legal Terms &#8226; Orlando&#039;s Romania","isPartOf":{"@id":"https:\/\/orlandos.ro\/en\/#website"},"datePublished":"2018-02-26T15:13:50+00:00","dateModified":"2020-05-10T13:26:22+00:00","description":"Before using this site, please read the following below, which apply to this site and all the materials inside it.","breadcrumb":{"@id":"https:\/\/orlandos.ro\/en\/legal-terms\/#breadcrumb"},"inLanguage":"en-US","potentialAction":[{"@type":"ReadAction","target":["https:\/\/orlandos.ro\/en\/legal-terms\/"]}]},{"@type":"BreadcrumbList","@id":"https:\/\/orlandos.ro\/en\/legal-terms\/#breadcrumb","itemListElement":[{"@type":"ListItem","position":1,"name":"Home","item":"https:\/\/orlandos.ro\/en\/"},{"@type":"ListItem","position":2,"name":"Legal Terms"}]},{"@type":"WebSite","@id":"https:\/\/orlandos.ro\/en\/#website","url":"https:\/\/orlandos.ro\/en\/","name":"Orlando's Romania","description":"R\u0103sfa\u0163\u0103-te cu deliciile Orlando&#039;s!","publisher":{"@id":"https:\/\/orlandos.ro\/en\/#organization"},"potentialAction":[{"@type":"SearchAction","target":{"@type":"EntryPoint","urlTemplate":"https:\/\/orlandos.ro\/en\/?s={search_term_string}"},"query-input":{"@type":"PropertyValueSpecification","valueRequired":true,"valueName":"search_term_string"}}],"inLanguage":"en-US"},{"@type":"Organization","@id":"https:\/\/orlandos.ro\/en\/#organization","name":"Orlando's","url":"https:\/\/orlandos.ro\/en\/","logo":{"@type":"ImageObject","inLanguage":"en-US","@id":"https:\/\/orlandos.ro\/en\/#\/schema\/logo\/image\/","url":"https:\/\/orlandos.ro\/wp-content\/uploads\/2020\/03\/Orlandos-new-logo2x.png","contentUrl":"https:\/\/orlandos.ro\/wp-content\/uploads\/2020\/03\/Orlandos-new-logo2x.png","width":240,"height":148,"caption":"Orlando's"},"image":{"@id":"https:\/\/orlandos.ro\/en\/#\/schema\/logo\/image\/"},"sameAs":["https:\/\/www.facebook.com\/orlandos.ro\/","https:\/\/x.com\/orlandos_ro","https:\/\/www.instagram.com\/orlandos.ro\/","https:\/\/www.youtube.com\/c\/Orlandos"]}]}},"_links":{"self":[{"href":"https:\/\/orlandos.ro\/en\/wp-json\/wp\/v2\/pages\/6517","targetHints":{"allow":["GET"]}}],"collection":[{"href":"https:\/\/orlandos.ro\/en\/wp-json\/wp\/v2\/pages"}],"about":[{"href":"https:\/\/orlandos.ro\/en\/wp-json\/wp\/v2\/types\/page"}],"author":[{"embeddable":true,"href":"https:\/\/orlandos.ro\/en\/wp-json\/wp\/v2\/users\/1"}],"replies":[{"embeddable":true,"href":"https:\/\/orlandos.ro\/en\/wp-json\/wp\/v2\/comments?post=6517"}],"version-history":[{"count":0,"href":"https:\/\/orlandos.ro\/en\/wp-json\/wp\/v2\/pages\/6517\/revisions"}],"wp:attachment":[{"href":"https:\/\/orlandos.ro\/en\/wp-json\/wp\/v2\/media?parent=6517"}],"curies":[{"name":"wp","href":"https:\/\/api.w.org\/{rel}","templated":true}]}}