{"id":4945,"date":"2017-12-28T18:24:34","date_gmt":"2017-12-28T18:24:34","guid":{"rendered":"134.209.242.182products\/oblio\/jumbo-golden-raisins-from-grapes-without-pips\/"},"modified":"2019-05-02T15:36:48","modified_gmt":"2019-05-02T15:36:48","slug":"jumbo-golden-raisins-from-grapes-without-pips","status":"publish","type":"page","link":"https:\/\/orlandos.ro\/en\/products\/oblio\/jumbo-golden-raisins-from-grapes-without-pips\/","title":{"rendered":"Jumbo Golden Raisins from Grapes without Pips"},"content":{"rendered":"<p><div class=\"fusion-fullwidth fullwidth-box fusion-builder-row-1 nonhundred-percent-fullwidth non-hundred-percent-height-scrolling\" style=\"--awb-background-position:left top;--awb-border-radius-top-left:0px;--awb-border-radius-top-right:0px;--awb-border-radius-bottom-right:0px;--awb-border-radius-bottom-left:0px;--awb-padding-top:50px;--awb-padding-bottom:50px;--awb-background-color:#f41000;--awb-border-sizes-top:0px;--awb-border-sizes-bottom:0px;--awb-flex-wrap:wrap;\" ><div class=\"fusion-builder-row fusion-row\"><div class=\"fusion-layout-column fusion_builder_column fusion-builder-column-0 fusion_builder_column_1_1 1_1 fusion-one-full fusion-column-first fusion-column-last\" style=\"--awb-bg-size:cover;\"><div class=\"fusion-column-wrapper fusion-flex-column-wrapper-legacy\"><div class=\"fusion-text fusion-text-1\"><h2 style=\"font-weight: 300; text-align: center;\"><span style=\"color: #ffffff;\">Orlando&#8217;s awards your fidelity! Sign up your tax bill and win!<\/span><\/h2>\n<\/div><div class=\"fusion-clearfix\"><\/div><\/div><\/div><\/div><\/div><div class=\"fusion-fullwidth fullwidth-box fusion-builder-row-2 nonhundred-percent-fullwidth non-hundred-percent-height-scrolling\" style=\"--awb-background-position:left top;--awb-border-radius-top-left:0px;--awb-border-radius-top-right:0px;--awb-border-radius-bottom-right:0px;--awb-border-radius-bottom-left:0px;--awb-padding-top:0px;--awb-padding-bottom:20px;--awb-background-color:#ffffff;--awb-border-sizes-top:0px;--awb-border-sizes-bottom:0px;--awb-flex-wrap:wrap;\" ><div class=\"fusion-builder-row fusion-row\"><div class=\"fusion-layout-column fusion_builder_column fusion-builder-column-1 fusion_builder_column_1_1 1_1 fusion-one-full fusion-column-first fusion-column-last\" style=\"--awb-bg-size:cover;--awb-margin-top:-22px;\"><div class=\"fusion-column-wrapper fusion-flex-column-wrapper-legacy\"><div class=\"fusion-aligncenter\"><a class=\"fusion-button button-flat fusion-button-default-size button-custom fusion-button-default button-1 fusion-button-default-span fusion-button-default-type dark-button\" style=\"--button_accent_color:#ffffff;--button_accent_hover_color:#333333;--button_border_hover_color:#333333;--button_border_width-top:2px;--button_border_width-right:2px;--button_border_width-bottom:2px;--button_border_width-left:2px;--button_gradient_top_color:#333333;--button_gradient_bottom_color:#333333;--button_gradient_top_color_hover:#ffffff;--button_gradient_bottom_color_hover:#ffffff;\" target=\"_self\" href=\"134.209.242.182concurs\/\"><span class=\"fusion-button-text awb-button__text awb-button__text--default\">Join the contest<\/span><\/a><\/div><div class=\"fusion-clearfix\"><\/div><\/div><\/div><\/div><\/div><div class=\"fusion-fullwidth fullwidth-box fusion-builder-row-3 nonhundred-percent-fullwidth non-hundred-percent-height-scrolling\" style=\"--awb-background-position:left top;--awb-border-radius-top-left:0px;--awb-border-radius-top-right:0px;--awb-border-radius-bottom-right:0px;--awb-border-radius-bottom-left:0px;--awb-padding-top:50px;--awb-padding-bottom:5px;--awb-border-sizes-top:0px;--awb-border-sizes-bottom:0px;--awb-flex-wrap:wrap;\" ><div class=\"fusion-builder-row fusion-row\"><div class=\"fusion-layout-column fusion_builder_column fusion-builder-column-2 fusion_builder_column_3_4 3_4 fusion-three-fourth fusion-column-first\" style=\"--awb-bg-size:cover;--awb-margin-top:2%;--awb-margin-bottom:10px;width:75%;width:calc(75% - ( ( 8% ) * 0.75 ) );margin-right: 8%;\"><div class=\"fusion-column-wrapper fusion-flex-column-wrapper-legacy\"><div class=\"fusion-text fusion-text-2\"><h2 style=\"font-weight: 300;\">Oblio jumbo golden raisins from grapes without pips<\/h2>\n<\/div><div class=\"fusion-sep-clear\"><\/div><div class=\"fusion-separator fusion-clearfix\" style=\"float:left;margin-top:0px;margin-bottom:30px;width:100%;max-width:30px;\"><div class=\"fusion-separator-border sep-single sep-solid\" style=\"--awb-height:20px;--awb-amount:20px;--awb-sep-color:#f41000;border-color:#f41000;border-top-width:2px;\"><\/div><\/div><div class=\"fusion-sep-clear\"><\/div><div class=\"fusion-text fusion-text-3\"><p>Oblio jumbo golden raisins from grapes without pips offers the rich Mediterranean sunshine and the special texture of the Sultana viticultural variety. Oblio jumbo golden raisins from grapes without pips are perfect snacks for the important moments of the day. They contain iron, potassium, magnesium, fiber and are rich in antioxidants and fructose.<\/p>\n<\/div><div class=\"fusion-clearfix\"><\/div><\/div><\/div><div class=\"fusion-layout-column fusion_builder_column fusion-builder-column-3 fusion_builder_column_1_4 1_4 fusion-one-fourth fusion-column-last\" style=\"--awb-bg-size:cover;--awb-margin-top:2%;--awb-margin-bottom:10px;width:25%;width:calc(25% - ( ( 8% ) * 0.25 ) );\"><div class=\"fusion-column-wrapper fusion-flex-column-wrapper-legacy\"><div class=\"fusion-text fusion-text-4\"><h2 style=\"font-weight: 300;\">More information<\/h2>\n<\/div><div class=\"fusion-sep-clear\"><\/div><div class=\"fusion-separator fusion-clearfix\" style=\"float:left;margin-top:0px;margin-bottom:38px;width:100%;max-width:30px;\"><div class=\"fusion-separator-border sep-single sep-solid\" style=\"--awb-height:20px;--awb-amount:20px;--awb-sep-color:#f41000;border-color:#f41000;border-top-width:2px;\"><\/div><\/div><div class=\"fusion-sep-clear\"><\/div><div class=\"fusion-text fusion-text-5\"><h6><strong>Did you know?<\/strong><\/h6>\n<p>Golden jumbo raisins are naturally rich in Potassium.<\/p>\n<\/div><div class=\"fusion-text fusion-text-6\"><h6><strong>Weight<\/strong><\/h6>\n<p>100g | 500g<\/p>\n<\/div><div id=\"fb-root\"><\/div>\r\n<script>(function(d, s, id) {\r\n  var js, fjs = d.getElementsByTagName(s)[0];\r\n  if (d.getElementById(id)) return;\r\n  js = d.createElement(s); js.id = id;\r\n  js.src = \"\/\/connect.facebook.net\/en_US\/sdk.js#xfbml=1&version=v2.10&appId=2053812451514686\";\r\n  fjs.parentNode.insertBefore(js, fjs);\r\n}(document, 'script', 'facebook-jssdk'));<\/script>\r\n<div class=\"fb-like\" data-href=\"https:\/\/orlandos.ro\/produse\/oblio\/stafide-aurii-jumbo-din-struguri-fara-samburi\/\" data-layout=\"button_count\" data-action=\"like\" data-size=\"large\" data-show-faces=\"false\" data-share=\"true\"><\/div><div class=\"fusion-clearfix\"><\/div><\/div><\/div><\/div><\/div><div class=\"fusion-fullwidth fullwidth-box fusion-builder-row-4 nonhundred-percent-fullwidth non-hundred-percent-height-scrolling\" style=\"--awb-background-position:left top;--awb-border-radius-top-left:0px;--awb-border-radius-top-right:0px;--awb-border-radius-bottom-right:0px;--awb-border-radius-bottom-left:0px;--awb-padding-top:5px;--awb-padding-bottom:20px;--awb-border-sizes-top:0px;--awb-border-sizes-bottom:0px;--awb-flex-wrap:wrap;\" ><div class=\"fusion-builder-row fusion-row\"><div class=\"fusion-layout-column fusion_builder_column fusion-builder-column-4 fusion_builder_column_1_1 1_1 fusion-one-full fusion-column-first fusion-column-last\" style=\"--awb-bg-size:cover;\"><div class=\"fusion-column-wrapper fusion-flex-column-wrapper-legacy\"><div class=\"fusion-text fusion-text-7\"><h2 style=\"font-weight: 300;\">Excellent for a balanced diet!<\/h2>\n<\/div><div class=\"fusion-sep-clear\"><\/div><div class=\"fusion-separator fusion-clearfix\" style=\"float:left;margin-top:0px;margin-bottom:30px;width:100%;max-width:30px;\"><div class=\"fusion-separator-border sep-single sep-solid\" style=\"--awb-height:20px;--awb-amount:20px;--awb-sep-color:#f41000;border-color:#f41000;border-top-width:2px;\"><\/div><\/div><div class=\"fusion-sep-clear\"><\/div><div class=\"fusion-clearfix\"><\/div><\/div><\/div><div class=\"fusion-layout-column fusion_builder_column fusion-builder-column-5 fusion_builder_column_2_3 2_3 fusion-two-third fusion-column-first\" style=\"--awb-bg-size:cover;--awb-margin-bottom:28px;width:65.3333%; margin-right: 4%;\"><div class=\"fusion-column-wrapper fusion-flex-column-wrapper-legacy\"><div class=\"fusion-image-element in-legacy-container\" style=\"--awb-liftup-border-radius:0px;--awb-caption-title-font-family:var(--h2_typography-font-family);--awb-caption-title-font-weight:var(--h2_typography-font-weight);--awb-caption-title-font-style:var(--h2_typography-font-style);--awb-caption-title-size:var(--h2_typography-font-size);--awb-caption-title-transform:var(--h2_typography-text-transform);--awb-caption-title-line-height:var(--h2_typography-line-height);--awb-caption-title-letter-spacing:var(--h2_typography-letter-spacing);\"><div class=\"awb-image-frame awb-image-frame-1 imageframe-liftup\"><span class=\" fusion-imageframe imageframe-none imageframe-1\"><a href=\"http:\/\/134.209.242.182wp-content\/uploads\/2017\/12\/Oblio_Stafide_Aurii_Jumbo-min.png\" class=\"fusion-lightbox\" data-rel=\"iLightbox[florida]\"><img decoding=\"async\" src=\"http:\/\/134.209.242.182wp-content\/uploads\/2017\/12\/Oblio_Stafide_Aurii_Jumbo-min.png\" alt class=\"img-responsive\"\/><\/a><\/span><\/div><\/div><div class=\"fusion-clearfix\"><\/div><\/div><\/div><div class=\"fusion-layout-column fusion_builder_column fusion-builder-column-6 fusion_builder_column_1_3 1_3 fusion-one-third fusion-column-last\" style=\"--awb-bg-size:cover;width:30.6666%;\"><div class=\"fusion-column-wrapper fusion-flex-column-wrapper-legacy\"><div class=\"fusion-image-element in-legacy-container\" style=\"--awb-liftup-border-radius:0px;--awb-caption-title-font-family:var(--h2_typography-font-family);--awb-caption-title-font-weight:var(--h2_typography-font-weight);--awb-caption-title-font-style:var(--h2_typography-font-style);--awb-caption-title-size:var(--h2_typography-font-size);--awb-caption-title-transform:var(--h2_typography-text-transform);--awb-caption-title-line-height:var(--h2_typography-line-height);--awb-caption-title-letter-spacing:var(--h2_typography-letter-spacing);\"><div class=\"awb-image-frame awb-image-frame-2 imageframe-liftup\"><span class=\" fusion-imageframe imageframe-none imageframe-2\"><a href=\"http:\/\/134.209.242.182wp-content\/uploads\/2017\/09\/Orlandos_Stafide_Aurii_fara_samburi-min.png\" class=\"fusion-lightbox\" data-rel=\"iLightbox[florida]\"><img decoding=\"async\" src=\"http:\/\/134.209.242.182wp-content\/uploads\/2017\/09\/Orlandos_Stafide_Aurii_fara_samburi-min.png\" alt class=\"img-responsive\"\/><\/a><\/span><\/div><\/div><div class=\"fusion-sep-clear\"><\/div><div class=\"fusion-separator fusion-full-width-sep\" style=\"margin-left: auto;margin-right: auto;margin-top:28px;width:100%;\"><\/div><div class=\"fusion-sep-clear\"><\/div><div class=\"fusion-image-element in-legacy-container\" style=\"--awb-liftup-border-radius:0px;--awb-caption-title-font-family:var(--h2_typography-font-family);--awb-caption-title-font-weight:var(--h2_typography-font-weight);--awb-caption-title-font-style:var(--h2_typography-font-style);--awb-caption-title-size:var(--h2_typography-font-size);--awb-caption-title-transform:var(--h2_typography-text-transform);--awb-caption-title-line-height:var(--h2_typography-line-height);--awb-caption-title-letter-spacing:var(--h2_typography-letter-spacing);\"><div class=\"awb-image-frame awb-image-frame-3 imageframe-liftup\"><span class=\" fusion-imageframe imageframe-none imageframe-3\"><a href=\"http:\/\/134.209.242.182wp-content\/uploads\/2017\/12\/Oblio_Stafide_Aurii_Jumbo_din_Struguri-min.png\" class=\"fusion-lightbox\" data-rel=\"iLightbox[florida]\"><img decoding=\"async\" src=\"http:\/\/134.209.242.182wp-content\/uploads\/2017\/12\/Oblio_Stafide_Aurii_Jumbo_din_Struguri-min.png\" alt class=\"img-responsive\"\/><\/a><\/span><\/div><\/div><div class=\"fusion-clearfix\"><\/div><\/div><\/div><\/div><\/div><div class=\"fusion-bg-parallax\" data-bg-align=\"center center\" data-direction=\"up\" data-mute=\"false\" data-opacity=\"100\" data-velocity=\"-0.3\" data-mobile-enabled=\"false\" data-break_parents=\"0\" data-bg-image=\"134.209.242.182wp-content\/uploads\/2015\/12\/home-bg1-min.png\" data-bg-repeat=\"false\" ><\/div><div class=\"fusion-fullwidth fullwidth-box fusion-builder-row-5 fusion-parallax-up nonhundred-percent-fullwidth non-hundred-percent-height-scrolling\" style=\"--awb-border-radius-top-left:0px;--awb-border-radius-top-right:0px;--awb-border-radius-bottom-right:0px;--awb-border-radius-bottom-left:0px;--awb-padding-top:0px;--awb-padding-bottom:70px;--awb-background-image:url(&quot;http:\/\/134.209.242.182wp-content\/uploads\/2015\/12\/home-bg1-min.png&quot;);--awb-background-size:cover;--awb-border-sizes-top:0px;--awb-border-sizes-bottom:0px;--awb-flex-wrap:wrap;\" ><div class=\"fusion-builder-row fusion-row\"><div class=\"fusion-layout-column fusion_builder_column fusion-builder-column-7 fusion_builder_column_1_1 1_1 fusion-one-full fusion-column-first fusion-column-last\" style=\"--awb-bg-size:cover;\"><div class=\"fusion-column-wrapper fusion-flex-column-wrapper-legacy\"><div class=\"fusion-section-separator section-separator big-half-circle fusion-section-separator-1\" style=\"--awb-spacer-height:99px;--awb-svg-margin-left:0;--awb-svg-margin-right:0;--awb-divider-height:99px;--awb-spacer-padding-top:inherit;--awb-sep-padding:0;--awb-svg-padding:0;\"><div class=\"fusion-section-separator-svg\"><svg class=\"fusion-big-half-circle-candy\" xmlns=\"http:\/\/www.w3.org\/2000\/svg\" version=\"1.1\" width=\"100%\" height=\"100\" viewBox=\"0 0 100 100\" preserveAspectRatio=\"none\" fill=\"rgba(255,255,255,1)\"><path d=\"M0 0 C55 180 100 0 100 0 Z\"><\/path><\/svg><\/div><div class=\"fusion-section-separator-spacer\"><div class=\"fusion-section-separator-spacer-height\"><\/div><\/div><\/div><div class=\"fusion-sep-clear\"><\/div><div class=\"fusion-separator fusion-full-width-sep\" style=\"margin-left: auto;margin-right: auto;margin-top:80px;width:100%;\"><\/div><div class=\"fusion-sep-clear\"><\/div><div class=\"fusion-clearfix\"><\/div><\/div><\/div><div class=\"fusion-layout-column fusion_builder_column fusion-builder-column-8 fusion_builder_column_1_1 1_1 fusion-one-full fusion-column-first fusion-column-last\" style=\"--awb-padding-right:15%;--awb-padding-left:15%;--awb-bg-size:cover;\"><div class=\"fusion-column-wrapper fusion-flex-column-wrapper-legacy\"><div class=\"fusion-text fusion-text-8\"><h2 style=\"font-weight: 300; text-align: center;\">Where can you find us?<\/h2>\n<\/div><div class=\"fusion-sep-clear\"><\/div><div class=\"fusion-separator\" style=\"margin-left: auto;margin-right: auto;margin-top:0px;margin-bottom:30px;width:100%;max-width:206px;\"><div class=\"fusion-separator-border sep-single sep-solid\" style=\"--awb-height:20px;--awb-amount:20px;--awb-sep-color:#f41000;border-color:#f41000;border-top-width:2px;\"><\/div><\/div><div class=\"fusion-sep-clear\"><\/div><div class=\"fusion-text fusion-text-9\"><p style=\"text-align: center;\">The efforts of all the professionals in our team contribute to reaching a single goal: to always be the first choice of consumers, to exceed their expectations when they want to eat something healthy and full of flavor.<\/p>\n<\/div><div class=\"fusion-clearfix\"><\/div><\/div><\/div><div class=\"fusion-layout-column fusion_builder_column fusion-builder-column-9 fusion_builder_column_1_1 1_1 fusion-one-full fusion-column-first fusion-column-last fusion-column-no-min-height\" style=\"--awb-bg-size:cover;\"><div class=\"fusion-column-wrapper fusion-flex-column-wrapper-legacy\"><div class=\"fusion-layout-column fusion_builder_column fusion-builder-column-10 fusion_builder_column_1_1 1_1 fusion-one-full fusion-column-first fusion-column-last\" style=\"--awb-bg-size:cover;\"><div class=\"fusion-column-wrapper fusion-flex-column-wrapper-legacy\"><div class=\"fusion-clearfix\"><\/div><\/div><\/div>\n<div class=\"fusion-clearfix\"><\/div><\/div><\/div><\/div><\/div><\/p>\n","protected":false},"excerpt":{"rendered":"","protected":false},"author":1,"featured_media":0,"parent":4796,"menu_order":0,"comment_status":"closed","ping_status":"closed","template":"100-width.php","meta":{"footnotes":""},"class_list":["post-4945","page","type-page","status-publish","hentry"],"acf":[],"yoast_head":"<!-- This site is optimized with the Yoast SEO Premium plugin v24.8 (Yoast SEO v27.3) - https:\/\/yoast.com\/product\/yoast-seo-premium-wordpress\/ -->\n<title>Jumbo Golden Raisins from Grapes without Pips &#8226; Orlando&#039;s Romania<\/title>\n<meta name=\"description\" content=\"Oblio Jumbo Golden Raisins from Grapes without Pips offers the rich Mediterranean sunshine and the special texture of the Sultana viticultural variety.\" \/>\n<meta name=\"robots\" content=\"index, follow, max-snippet:-1, max-image-preview:large, max-video-preview:-1\" \/>\n<link rel=\"canonical\" href=\"https:\/\/orlandos.ro\/en\/products\/oblio\/jumbo-golden-raisins-from-grapes-without-pips\/\" \/>\n<meta property=\"og:locale\" content=\"en_US\" \/>\n<meta property=\"og:type\" content=\"article\" \/>\n<meta property=\"og:title\" content=\"Jumbo Golden Raisins from Grapes without Pips\" \/>\n<meta property=\"og:description\" content=\"Oblio Jumbo Golden Raisins from Grapes without Pips offers the rich Mediterranean sunshine and the special texture of the Sultana viticultural variety.\" \/>\n<meta property=\"og:url\" content=\"https:\/\/orlandos.ro\/en\/products\/oblio\/jumbo-golden-raisins-from-grapes-without-pips\/\" \/>\n<meta property=\"og:site_name\" content=\"Orlando&#039;s Romania\" \/>\n<meta property=\"article:publisher\" content=\"https:\/\/www.facebook.com\/orlandos.ro\/\" \/>\n<meta property=\"article:modified_time\" content=\"2019-05-02T15:36:48+00:00\" \/>\n<meta name=\"twitter:card\" content=\"summary_large_image\" \/>\n<meta name=\"twitter:site\" content=\"@orlandos_ro\" \/>\n<meta name=\"twitter:label1\" content=\"Est. reading time\" \/>\n\t<meta name=\"twitter:data1\" content=\"9 minutes\" \/>\n<script type=\"application\/ld+json\" class=\"yoast-schema-graph\">{\"@context\":\"https:\\\/\\\/schema.org\",\"@graph\":[{\"@type\":\"WebPage\",\"@id\":\"https:\\\/\\\/orlandos.ro\\\/en\\\/products\\\/oblio\\\/jumbo-golden-raisins-from-grapes-without-pips\\\/\",\"url\":\"https:\\\/\\\/orlandos.ro\\\/en\\\/products\\\/oblio\\\/jumbo-golden-raisins-from-grapes-without-pips\\\/\",\"name\":\"Jumbo Golden Raisins from Grapes without Pips &#8226; Orlando&#039;s Romania\",\"isPartOf\":{\"@id\":\"https:\\\/\\\/orlandos.ro\\\/en\\\/#website\"},\"datePublished\":\"2017-12-28T18:24:34+00:00\",\"dateModified\":\"2019-05-02T15:36:48+00:00\",\"description\":\"Oblio Jumbo Golden Raisins from Grapes without Pips offers the rich Mediterranean sunshine and the special texture of the Sultana viticultural variety.\",\"breadcrumb\":{\"@id\":\"https:\\\/\\\/orlandos.ro\\\/en\\\/products\\\/oblio\\\/jumbo-golden-raisins-from-grapes-without-pips\\\/#breadcrumb\"},\"inLanguage\":\"en-US\",\"potentialAction\":[{\"@type\":\"ReadAction\",\"target\":[\"https:\\\/\\\/orlandos.ro\\\/en\\\/products\\\/oblio\\\/jumbo-golden-raisins-from-grapes-without-pips\\\/\"]}]},{\"@type\":\"BreadcrumbList\",\"@id\":\"https:\\\/\\\/orlandos.ro\\\/en\\\/products\\\/oblio\\\/jumbo-golden-raisins-from-grapes-without-pips\\\/#breadcrumb\",\"itemListElement\":[{\"@type\":\"ListItem\",\"position\":1,\"name\":\"Home\",\"item\":\"https:\\\/\\\/orlandos.ro\\\/en\\\/\"},{\"@type\":\"ListItem\",\"position\":2,\"name\":\"Products\",\"item\":\"https:\\\/\\\/orlandos.ro\\\/en\\\/products\\\/\"},{\"@type\":\"ListItem\",\"position\":3,\"name\":\"Oblio\",\"item\":\"https:\\\/\\\/orlandos.ro\\\/en\\\/products\\\/oblio\\\/\"},{\"@type\":\"ListItem\",\"position\":4,\"name\":\"Jumbo Golden Raisins from Grapes without Pips\"}]},{\"@type\":\"WebSite\",\"@id\":\"https:\\\/\\\/orlandos.ro\\\/en\\\/#website\",\"url\":\"https:\\\/\\\/orlandos.ro\\\/en\\\/\",\"name\":\"Orlando's Romania\",\"description\":\"R\u0103sfa\u0163\u0103-te cu deliciile Orlando&#039;s!\",\"publisher\":{\"@id\":\"https:\\\/\\\/orlandos.ro\\\/en\\\/#organization\"},\"potentialAction\":[{\"@type\":\"SearchAction\",\"target\":{\"@type\":\"EntryPoint\",\"urlTemplate\":\"https:\\\/\\\/orlandos.ro\\\/en\\\/?s={search_term_string}\"},\"query-input\":{\"@type\":\"PropertyValueSpecification\",\"valueRequired\":true,\"valueName\":\"search_term_string\"}}],\"inLanguage\":\"en-US\"},{\"@type\":\"Organization\",\"@id\":\"https:\\\/\\\/orlandos.ro\\\/en\\\/#organization\",\"name\":\"Orlando's\",\"url\":\"https:\\\/\\\/orlandos.ro\\\/en\\\/\",\"logo\":{\"@type\":\"ImageObject\",\"inLanguage\":\"en-US\",\"@id\":\"https:\\\/\\\/orlandos.ro\\\/en\\\/#\\\/schema\\\/logo\\\/image\\\/\",\"url\":\"https:\\\/\\\/orlandos.ro\\\/wp-content\\\/uploads\\\/2020\\\/03\\\/Orlandos-new-logo2x.png\",\"contentUrl\":\"https:\\\/\\\/orlandos.ro\\\/wp-content\\\/uploads\\\/2020\\\/03\\\/Orlandos-new-logo2x.png\",\"width\":240,\"height\":148,\"caption\":\"Orlando's\"},\"image\":{\"@id\":\"https:\\\/\\\/orlandos.ro\\\/en\\\/#\\\/schema\\\/logo\\\/image\\\/\"},\"sameAs\":[\"https:\\\/\\\/www.facebook.com\\\/orlandos.ro\\\/\",\"https:\\\/\\\/x.com\\\/orlandos_ro\",\"https:\\\/\\\/www.instagram.com\\\/orlandos.ro\\\/\",\"https:\\\/\\\/www.youtube.com\\\/c\\\/Orlandos\"]}]}<\/script>\n<!-- \/ Yoast SEO Premium plugin. -->","yoast_head_json":{"title":"Jumbo Golden Raisins from Grapes without Pips &#8226; Orlando&#039;s Romania","description":"Oblio Jumbo Golden Raisins from Grapes without Pips offers the rich Mediterranean sunshine and the special texture of the Sultana viticultural variety.","robots":{"index":"index","follow":"follow","max-snippet":"max-snippet:-1","max-image-preview":"max-image-preview:large","max-video-preview":"max-video-preview:-1"},"canonical":"https:\/\/orlandos.ro\/en\/products\/oblio\/jumbo-golden-raisins-from-grapes-without-pips\/","og_locale":"en_US","og_type":"article","og_title":"Jumbo Golden Raisins from Grapes without Pips","og_description":"Oblio Jumbo Golden Raisins from Grapes without Pips offers the rich Mediterranean sunshine and the special texture of the Sultana viticultural variety.","og_url":"https:\/\/orlandos.ro\/en\/products\/oblio\/jumbo-golden-raisins-from-grapes-without-pips\/","og_site_name":"Orlando&#039;s Romania","article_publisher":"https:\/\/www.facebook.com\/orlandos.ro\/","article_modified_time":"2019-05-02T15:36:48+00:00","twitter_card":"summary_large_image","twitter_site":"@orlandos_ro","twitter_misc":{"Est. reading time":"9 minutes"},"schema":{"@context":"https:\/\/schema.org","@graph":[{"@type":"WebPage","@id":"https:\/\/orlandos.ro\/en\/products\/oblio\/jumbo-golden-raisins-from-grapes-without-pips\/","url":"https:\/\/orlandos.ro\/en\/products\/oblio\/jumbo-golden-raisins-from-grapes-without-pips\/","name":"Jumbo Golden Raisins from Grapes without Pips &#8226; Orlando&#039;s Romania","isPartOf":{"@id":"https:\/\/orlandos.ro\/en\/#website"},"datePublished":"2017-12-28T18:24:34+00:00","dateModified":"2019-05-02T15:36:48+00:00","description":"Oblio Jumbo Golden Raisins from Grapes without Pips offers the rich Mediterranean sunshine and the special texture of the Sultana viticultural variety.","breadcrumb":{"@id":"https:\/\/orlandos.ro\/en\/products\/oblio\/jumbo-golden-raisins-from-grapes-without-pips\/#breadcrumb"},"inLanguage":"en-US","potentialAction":[{"@type":"ReadAction","target":["https:\/\/orlandos.ro\/en\/products\/oblio\/jumbo-golden-raisins-from-grapes-without-pips\/"]}]},{"@type":"BreadcrumbList","@id":"https:\/\/orlandos.ro\/en\/products\/oblio\/jumbo-golden-raisins-from-grapes-without-pips\/#breadcrumb","itemListElement":[{"@type":"ListItem","position":1,"name":"Home","item":"https:\/\/orlandos.ro\/en\/"},{"@type":"ListItem","position":2,"name":"Products","item":"https:\/\/orlandos.ro\/en\/products\/"},{"@type":"ListItem","position":3,"name":"Oblio","item":"https:\/\/orlandos.ro\/en\/products\/oblio\/"},{"@type":"ListItem","position":4,"name":"Jumbo Golden Raisins from Grapes without Pips"}]},{"@type":"WebSite","@id":"https:\/\/orlandos.ro\/en\/#website","url":"https:\/\/orlandos.ro\/en\/","name":"Orlando's Romania","description":"R\u0103sfa\u0163\u0103-te cu deliciile Orlando&#039;s!","publisher":{"@id":"https:\/\/orlandos.ro\/en\/#organization"},"potentialAction":[{"@type":"SearchAction","target":{"@type":"EntryPoint","urlTemplate":"https:\/\/orlandos.ro\/en\/?s={search_term_string}"},"query-input":{"@type":"PropertyValueSpecification","valueRequired":true,"valueName":"search_term_string"}}],"inLanguage":"en-US"},{"@type":"Organization","@id":"https:\/\/orlandos.ro\/en\/#organization","name":"Orlando's","url":"https:\/\/orlandos.ro\/en\/","logo":{"@type":"ImageObject","inLanguage":"en-US","@id":"https:\/\/orlandos.ro\/en\/#\/schema\/logo\/image\/","url":"https:\/\/orlandos.ro\/wp-content\/uploads\/2020\/03\/Orlandos-new-logo2x.png","contentUrl":"https:\/\/orlandos.ro\/wp-content\/uploads\/2020\/03\/Orlandos-new-logo2x.png","width":240,"height":148,"caption":"Orlando's"},"image":{"@id":"https:\/\/orlandos.ro\/en\/#\/schema\/logo\/image\/"},"sameAs":["https:\/\/www.facebook.com\/orlandos.ro\/","https:\/\/x.com\/orlandos_ro","https:\/\/www.instagram.com\/orlandos.ro\/","https:\/\/www.youtube.com\/c\/Orlandos"]}]}},"_links":{"self":[{"href":"https:\/\/orlandos.ro\/en\/wp-json\/wp\/v2\/pages\/4945","targetHints":{"allow":["GET"]}}],"collection":[{"href":"https:\/\/orlandos.ro\/en\/wp-json\/wp\/v2\/pages"}],"about":[{"href":"https:\/\/orlandos.ro\/en\/wp-json\/wp\/v2\/types\/page"}],"author":[{"embeddable":true,"href":"https:\/\/orlandos.ro\/en\/wp-json\/wp\/v2\/users\/1"}],"replies":[{"embeddable":true,"href":"https:\/\/orlandos.ro\/en\/wp-json\/wp\/v2\/comments?post=4945"}],"version-history":[{"count":0,"href":"https:\/\/orlandos.ro\/en\/wp-json\/wp\/v2\/pages\/4945\/revisions"}],"up":[{"embeddable":true,"href":"https:\/\/orlandos.ro\/en\/wp-json\/wp\/v2\/pages\/4796"}],"wp:attachment":[{"href":"https:\/\/orlandos.ro\/en\/wp-json\/wp\/v2\/media?parent=4945"}],"curies":[{"name":"wp","href":"https:\/\/api.w.org\/{rel}","templated":true}]}}