{"id":4652,"date":"2017-12-28T09:10:00","date_gmt":"2017-12-28T09:10:00","guid":{"rendered":"http:\/\/134.209.242.182contact\/"},"modified":"2020-06-23T08:34:40","modified_gmt":"2020-06-23T08:34:40","slug":"contact","status":"publish","type":"page","link":"https:\/\/orlandos.ro\/en\/contact\/","title":{"rendered":"Contact"},"content":{"rendered":"<p><div class=\"fusion-fullwidth fullwidth-box fusion-builder-row-1 hundred-percent-fullwidth non-hundred-percent-height-scrolling fusion-equal-height-columns\" style=\"--awb-background-position:left top;--awb-border-radius-top-left:0px;--awb-border-radius-top-right:0px;--awb-border-radius-bottom-right:0px;--awb-border-radius-bottom-left:0px;--awb-padding-right:0px;--awb-padding-left:0px;--awb-background-color:#ffffff;--awb-border-sizes-top:0px;--awb-border-sizes-bottom:0px;--awb-flex-wrap:wrap;\" ><div class=\"fusion-builder-row fusion-row\"><div class=\"fusion-layout-column fusion_builder_column fusion-builder-column-0 fusion_builder_column_1_3 1_3 fusion-one-third fusion-column-first fusion-column-no-min-height\" style=\"--awb-padding-top:85px;--awb-padding-right:20%;--awb-padding-bottom:85px;--awb-padding-left:20%;--awb-bg-color:#f5f5f5;--awb-bg-color-hover:#f5f5f5;--awb-bg-size:cover;width:33.333333333333%;width:calc(33.333333333333% - ( ( 4% ) * 0.33333333333333 ) );margin-right: 4%;\"><div class=\"fusion-column-wrapper fusion-flex-column-wrapper-legacy\"><div class=\"fusion-column-content-centered\"><div class=\"fusion-column-content\"><div class=\"fusion-text fusion-text-1\"><h5 style=\"font-size: 15px; letter-spacing: 1px;\"><strong>HEAD OFFICE<\/strong><\/h5>\n<\/div><div class=\"fusion-sep-clear\"><\/div><div class=\"fusion-separator fusion-clearfix\" style=\"float:left;margin-bottom:30px;width:100%;max-width:24px;\"><div class=\"fusion-separator-border sep-single sep-solid\" style=\"--awb-height:20px;--awb-amount:20px;--awb-sep-color:#f41000;border-color:#f41000;border-top-width:2px;\"><\/div><\/div><div class=\"fusion-sep-clear\"><\/div><ul style=\"--awb-iconcolor:#717171;--awb-line-height:23.8px;--awb-icon-width:23.8px;--awb-icon-height:23.8px;--awb-icon-margin:9.8px;--awb-content-margin:33.6px;\" class=\"fusion-checklist fusion-checklist-1 fusion-checklist-default type-icons\"><li class=\"fusion-li-item\" style=\"\"><span class=\"icon-wrapper circle-no\"><i class=\"fusion-li-icon fa-globe fas\" aria-hidden=\"true\"><\/i><\/span><div class=\"fusion-li-item-content\">Address: Ring Road no. 5<br \/>\nCom. Clinceni, Ilfov, Romania<\/div><\/li><li class=\"fusion-li-item\" style=\"\"><span class=\"icon-wrapper circle-no\"><i class=\"fusion-li-icon fa fa-phone\" aria-hidden=\"true\"><\/i><\/span><div class=\"fusion-li-item-content\">Phone: +4021.351.45.57\/58<br \/>\nFax: +4021.351.45.59<\/div><\/li><li class=\"fusion-li-item\" style=\"\"><span class=\"icon-wrapper circle-no\"><i class=\"fusion-li-icon fa fa-envelope-o\" aria-hidden=\"true\"><\/i><\/span><div class=\"fusion-li-item-content\"><a href=\"mailto:office@orlandos.ro\">office@orlandos.ro<\/a><br \/>\n<a href=\"mailto:comercial@orlandos.ro\">comercial@orlandos.ro<\/a><\/div><\/li><li class=\"fusion-li-item\" style=\"\"><span class=\"icon-wrapper circle-no\"><i class=\"fusion-li-icon fa fa-clock-o\" aria-hidden=\"true\"><\/i><\/span><div class=\"fusion-li-item-content\">Monday &#8211; Friday 9:00 &#8211; 18:00<\/div><\/li><\/ul><div class=\"fusion-sep-clear\"><\/div><div class=\"fusion-separator fusion-full-width-sep\" style=\"margin-left: auto;margin-right: auto;margin-top:20px;width:100%;\"><\/div><div class=\"fusion-sep-clear\"><\/div><div class=\"fusion-text fusion-text-2\"><h5 style=\"font-size: 15px; letter-spacing: 1px;\"><strong>SEE ORLANDO&#8217;S PRODUCTS<\/strong><\/h5>\n<\/div><div class=\"fusion-sep-clear\"><\/div><div class=\"fusion-separator fusion-clearfix\" style=\"float:left;margin-bottom:30px;width:100%;max-width:24px;\"><div class=\"fusion-separator-border sep-single sep-solid\" style=\"--awb-height:20px;--awb-amount:20px;--awb-sep-color:#f41000;border-color:#f41000;border-top-width:2px;\"><\/div><\/div><div class=\"fusion-sep-clear\"><\/div><div class=\"fusion-button-wrapper\"><a class=\"fusion-button button-flat fusion-button-default-size button-default fusion-button-default button-1 fusion-button-default-span fusion-button-default-type\" target=\"_blank\" rel=\"noopener noreferrer\" href=\"https:\/\/orlandos.ro\/wp-content\/uploads\/2020\/06\/Catalog%20Orlandos_EN_2020.pdf\"><span class=\"fusion-button-text awb-button__text awb-button__text--default\">PDF Catalog<\/span><\/a><\/div><div class=\"fusion-sep-clear\"><\/div><div class=\"fusion-separator fusion-full-width-sep\" style=\"margin-left: auto;margin-right: auto;margin-top:20px;width:100%;\"><\/div><div class=\"fusion-sep-clear\"><\/div><div class=\"fusion-text fusion-text-3\"><h5 style=\"font-size: 15px; letter-spacing: 1px;\"><strong>USEFUL INFORMATION<\/strong><\/h5>\n<\/div><div class=\"fusion-sep-clear\"><\/div><div class=\"fusion-separator fusion-clearfix\" style=\"float:left;margin-bottom:30px;width:100%;max-width:24px;\"><div class=\"fusion-separator-border sep-single sep-solid\" style=\"--awb-height:20px;--awb-amount:20px;--awb-sep-color:#f41000;border-color:#f41000;border-top-width:2px;\"><\/div><\/div><div class=\"fusion-sep-clear\"><\/div><a href='https:\/\/orlandos.ro\/en\/consumer-page\/' target='_self'>Consumer Page<\/a><br\/>\n<a href='https:\/\/orlandos.ro\/en\/frequent-questions\/' target='_self'>Frequent Questions<\/a><br\/>\n<a href='https:\/\/orlandos.ro\/en\/legal-terms\/' target='_self'>Legal Terms<\/a><br\/>\n<a href='https:\/\/orlandos.ro\/en\/privacy-policy\/' target='_self'>Privacy Policy<\/a><br\/>\n<a href='http:\/\/www.anpc.ro\/' target='_self'>ANPC<\/a><br\/>\n<a href='https:\/\/orlandos.ro\/en\/cookie-declaration\/' target='_self'>Cookie Policy<\/a><div class=\"fusion-sep-clear\"><\/div><div class=\"fusion-separator fusion-full-width-sep\" style=\"margin-left: auto;margin-right: auto;margin-top:20px;width:100%;\"><\/div><div class=\"fusion-sep-clear\"><\/div><div class=\"fusion-text fusion-text-4\"><h5 style=\"font-size: 15px; letter-spacing: 1px;\"><strong>COMPETITION RULES<\/strong><\/h5>\n<\/div><div class=\"fusion-sep-clear\"><\/div><div class=\"fusion-separator fusion-clearfix\" style=\"float:left;margin-bottom:30px;width:100%;max-width:24px;\"><div class=\"fusion-separator-border sep-single sep-solid\" style=\"--awb-height:20px;--awb-amount:20px;--awb-sep-color:#f41000;border-color:#f41000;border-top-width:2px;\"><\/div><\/div><div class=\"fusion-sep-clear\"><\/div><a href='https:\/\/orlandos.ro\/wp-content\/uploads\/2018\/05\/REGULAMENTUL-OFICIAL-DE-PARTICIPARE-LA-CONCURS-FACEBOOK-ORLANDOS.pdf' target='_self'>Facebook Contest<\/a><br\/>\n<a href='https:\/\/orlandos.ro\/wp-content\/uploads\/2018\/05\/REGULAMENTUL-OFICIAL-DE-PARTICIPARE-LA-CONCURS-INSTAGRAM-ORLANDOS.pdf' target='_self'>Instagram Contest<\/a><\/div><\/div><div class=\"fusion-clearfix\"><\/div><\/div><\/div><div class=\"fusion-layout-column fusion_builder_column fusion-builder-column-1 fusion_builder_column_2_3 2_3 fusion-two-third fusion-column-last fusion-column-no-min-height\" style=\"--awb-padding-top:85px;--awb-padding-right:12%;--awb-padding-bottom:85px;--awb-padding-left:12%;--awb-bg-size:cover;width:66.666666666667%;width:calc(66.666666666667% - ( ( 4% ) * 0.66666666666667 ) );\"><div class=\"fusion-column-wrapper fusion-flex-column-wrapper-legacy\"><div class=\"fusion-column-content-centered\"><div class=\"fusion-column-content\"><div class=\"fusion-text fusion-text-5\"><h2 style=\"text-align: center;\">Get in touch with us!<\/h2>\n<\/div><div class=\"fusion-sep-clear\"><\/div><div class=\"fusion-separator\" style=\"margin-left: auto;margin-right: auto;margin-top:0px;margin-bottom:30px;width:100%;max-width:206px;\"><div class=\"fusion-separator-border sep-single sep-solid\" style=\"--awb-height:20px;--awb-amount:20px;--awb-sep-color:#f41000;border-color:#f41000;border-top-width:2px;\"><\/div><\/div><div class=\"fusion-sep-clear\"><\/div><div class=\"fusion-text fusion-text-6\"><p style=\"text-align: center;\">Send us your message and we will contact you as soon as possible. To help us provide you with a complete answer, include the required data, along with all the details you can share and a way we can contact you.<\/p>\n<\/div><div class=\"fusion-sep-clear\"><\/div><div class=\"fusion-separator fusion-full-width-sep\" style=\"margin-left: auto;margin-right: auto;margin-top:40px;width:100%;\"><\/div><div class=\"fusion-sep-clear\"><\/div>\r\n        \r\n\r\n                <form class=\"wpuf-form-add weforms-11761  wpuf-style\" action=\"\" method=\"post\"   id=\"\">\r\n\r\n            <ul class=\"wpuf-form form-label-above\">\r\n\r\n                        <li class=\"wpuf-el name field-size-large\" data-label=\"Name\">\r\n                    <div class=\"wpuf-label\">\r\n            <label for=\"name_11761\">Name <span class=\"required\">*<\/span><\/label>\r\n        <\/div>\r\n        \r\n            <div class=\"wpuf-fields\">\r\n                <div class=\"wpuf-name-field-wrap format-first-last\" data-style=\"wpuf-style\">\r\n                    <div class=\"wpuf-name-field-first-name\">\r\n                        <input\r\n                            name=\"name[first]\"\r\n                            type=\"text\"\r\n                            placeholder=\"\"\r\n                            value=\"\"\r\n                            size=\"40\"\r\n                            data-required=\"yes\"\r\n                            data-type=\"text\"\r\n                            data-style=\"wpuf-style\"\r\n                            class=\"textfield wpuf_name_11761\"\r\n                            autocomplete=\"given-name\"\r\n                        >\r\n                                                    <label class=\"wpuf-form-sub-label\" data-style=\"wpuf-style\">First<\/label>\r\n                                            <\/div>\r\n\r\n                                            <input type=\"hidden\" name=\"name[middle]\" value=\"\">\r\n                    \r\n                    <div class=\"wpuf-name-field-last-name\">\r\n                        <input\r\n                            name=\"name[last]\"\r\n                            type=\"text\" class=\"textfield\"\r\n                            placeholder=\"\"\r\n                            value=\"\"\r\n                            size=\"40\"\r\n                            autocomplete=\"family-name\"\r\n                            data-style=\"wpuf-style\"\r\n                        >\r\n                                                    <label class=\"wpuf-form-sub-label\" data-style=\"wpuf-style\">Last<\/label>\r\n                                            <\/div>\r\n                <\/div>\r\n                            <\/div>\r\n        <\/li>\r\n                <li class=\"wpuf-el email field-size-large\" data-label=\"Email Address\">\r\n                    <div class=\"wpuf-label\">\r\n            <label for=\"email_11761\">Email Address <span class=\"required\">*<\/span><\/label>\r\n        <\/div>\r\n        \r\n            <div class=\"wpuf-fields\">\r\n                <input\r\n                    id=\"email_11761\"\r\n                    type=\"email\"\r\n                    class=\"email  wpuf_email_11761\"\r\n                    data-duplicate=\"\"\r\n                    data-required=\"yes\"\r\n                    data-type=\"email\"\r\n                    data-style=\"wpuf-style\"\r\n                    name=\"email\"\r\n                    placeholder=\"\"\r\n                    value=\"\"\r\n                    size=\"40\"\r\n                    autocomplete=\"email\"\r\n                \/>\r\n                            <\/div>\r\n        <\/li>\r\n                <li class=\"wpuf-el topic field-size-large\" data-label=\"Topic\">\r\n                    <div class=\"wpuf-label\">\r\n            <label for=\"topic_11761\">Topic <span class=\"required\">*<\/span><\/label>\r\n        <\/div>\r\n        \r\n            <div class=\"wpuf-fields\">\r\n                <input\r\n                    class=\"textfield wpuf_topic_11761\"\r\n                    id=\"topic_11761\"\r\n                    type=\"text\"\r\n                    data-duplicate=\"no\"\r\n                    data-required=\"yes\"\r\n                    data-type=\"text\" name=\"topic\"\r\n                    placeholder=\"\"\r\n                    value=\"\"\r\n                    size=\"40\"\r\n                    data-style=\"wpuf-style\"\r\n                \/>\r\n\r\n                <span class=\"wpuf-wordlimit-message wpuf-help\"><\/span>\r\n                            <\/div>\r\n                    <\/li>\r\n                <li class=\"wpuf-el message field-size-large\" data-label=\"Message\">\r\n                    <div class=\"wpuf-label\">\r\n            <label for=\"message_11761\">Message <span class=\"required\">*<\/span><\/label>\r\n        <\/div>\r\n                                    <div class=\"wpuf-fields\">\r\n            \r\n                                    <textarea\r\n                        class=\"textareafield  wpuf_message_11761\"\r\n                        id=\"message_11761\"\r\n                        name=\"message\"\r\n                        data-required=\"yes\"\r\n                        data-type=\"textarea\"\r\n                        placeholder=\"\"\r\n                        rows=\"5\"\r\n                        cols=\"25\"\r\n                        data-style=\"wpuf-style\"\r\n                    ><\/textarea>\r\n                    <span class=\"wpuf-wordlimit-message wpuf-help\"><\/span>\r\n\r\n                \r\n                        <\/div><\/li>\r\n         <li class=\"wpuf-el recaptcha\" data-label=\"\">\r\n\r\n                    <div class=\"wpuf-label\">\r\n            <label for=\"recaptcha_0\"><\/label>\r\n        <\/div>\r\n        \r\n                <div class=\"wpuf-fields  wpuf_recaptcha_11761\">\r\n                    <script>\r\n                        function weformsRecaptchaCallback(token) {\r\n                            jQuery('[name=\"g-recaptcha-response\"]').val(token);\r\n                            jQuery('.weforms_submit_btn').attr('disabled',false).show();\r\n                            jQuery('.weforms_submit_btn_recaptcha').hide();\r\n                        }\r\n\r\n                        jQuery(document).ready( function($) {\r\n                            $('.weforms_submit_btn').attr('disabled',true);\r\n                        });\r\n                    <\/script>\r\n\r\n                    <input type=\"hidden\" name=\"g-recaptcha-response\">\r\n                \r\n                    <script src=\"https:\/\/www.google.com\/recaptcha\/api.js\"><\/script>\r\n                    <div id='recaptcha' data-theme=\"light\" class=\"g-recaptcha\" data-sitekey=\"6LeeSL4UAAAAACgsRei0tSnKKEwwdHrmyWJaC3vg\" data-callback=\"weformsRecaptchaCallback\"><\/div>\r\n                \r\n                <\/div>\r\n\r\n            \r\n        <\/li>\r\n                <li class=\"wpuf-submit\">\r\n            <div class=\"wpuf-label\">\r\n                &nbsp;\r\n            <\/div>\r\n\r\n            <input type=\"hidden\" id=\"_wpnonce\" name=\"_wpnonce\" value=\"c025a08909\" \/><input type=\"hidden\" name=\"_wp_http_referer\" value=\"\/en\/wp-json\/wp\/v2\/pages\/4652\" \/>\r\n            <input type=\"hidden\" name=\"form_id\" value=\"11761\">\r\n            <input type=\"hidden\" name=\"page_id\" value=\"4652\">\r\n            <input type=\"hidden\" name=\"action\" value=\"weforms_frontend_submit\">\r\n\r\n                            <input type=\"hidden\" name=\"weforms-front-report\" value=\"no\">\r\n            \r\n            \r\n                            <input type=\"submit\" class=\"weforms_submit_btn wpuf_submit_11761\" name=\"submit\" value=\"SUBMIT\" \/>\r\n                    <\/li>\r\n                <\/ul>\r\n\r\n        <\/form>\r\n                <\/div><\/div><div class=\"fusion-clearfix\"><\/div><\/div><\/div><\/div><\/div><div class=\"fusion-fullwidth fullwidth-box fusion-builder-row-2 hundred-percent-fullwidth non-hundred-percent-height-scrolling\" style=\"--awb-background-position:left top;--awb-border-radius-top-left:0px;--awb-border-radius-top-right:0px;--awb-border-radius-bottom-right:0px;--awb-border-radius-bottom-left:0px;--awb-padding-top:0px;--awb-padding-right:0px;--awb-padding-bottom:0px;--awb-padding-left:0px;--awb-border-sizes-top:0px;--awb-border-sizes-bottom:0px;--awb-flex-wrap:wrap;\" ><div class=\"fusion-builder-row fusion-row\"><div class=\"fusion-layout-column fusion_builder_column fusion-builder-column-2 fusion_builder_column_1_1 1_1 fusion-one-full fusion-column-first fusion-column-last fusion-column-no-min-height\" style=\"--awb-bg-size:cover;\"><div class=\"fusion-column-wrapper fusion-flex-column-wrapper-legacy\">\t\t\t\t\t<script type=\"text\/javascript\">\n\t\t\t\t\t\tvar map_fusion_map_69dcc76e1fa3b;\n\t\t\t\t\t\tvar markers = [];\n\t\t\t\t\t\tvar counter = 0;\n\t\t\t\t\t\t\t\t\t\t\t\t\t\t\t\t\t\t\t\tvar fusionMapNonce = '72d9258a3e';\n\t\t\t\t\t\t\t\t\t\t\t\tfunction fusion_run_map_fusion_map_69dcc76e1fa3b() {\n\t\t\t\t\t\t\tjQuery ('#fusion_map_69dcc76e1fa3b' ).fusion_maps( {\n\t\t\t\t\t\t\t\taddresses: [{\"address\":\"44.4004851,25.9803371\",\"infobox_content\":\"\",\"marker\":\"134.209.242.182wp-content\\\/uploads\\\/2017\\\/08\\\/custom-marker.png\",\"coordinates\":true,\"latitude\":\"44.4004851\",\"longitude\":\"25.9803371\",\"cache\":true,\"geocoded_address\":\"DNCB, Bragadiru 077025, Romania\"}],\n\t\t\t\t\t\t\t\tanimations: true,\n\t\t\t\t\t\t\t\tinfobox_background_color: '',\n\t\t\t\t\t\t\t\tinfobox_styling: 'default',\n\t\t\t\t\t\t\t\tinfobox_text_color: '',\n\t\t\t\t\t\t\t\tmap_style: 'custom',\n\t\t\t\t\t\t\t\tmap_type: 'terrain',\n\t\t\t\t\t\t\t\tmarker_icon: '134.209.242.182wp-content\/uploads\/2017\/08\/custom-marker.png',\n\t\t\t\t\t\t\t\toverlay_color: '',\n\t\t\t\t\t\t\t\toverlay_color_hsl: {\"hue\":0,\"sat\":0,\"lum\":100},\n\t\t\t\t\t\t\t\tshow_address: false,\n\t\t\t\t\t\t\t\tscale_control: false,\n\t\t\t\t\t\t\t\tscrollwheel: false,\n\t\t\t\t\t\t\t\tzoom: 13,\n\t\t\t\t\t\t\t\tzoom_control: false,\n\t\t\t\t\t\t\t} );\n\t\t\t\t\t\t}\n\n\t\t\t\t\t\tgoogle.maps.event.addDomListener(window, 'load', fusion_run_map_fusion_map_69dcc76e1fa3b);\n\t\t\t\t\t<\/script>\n\t\t\t\t\t<div class=\"shortcode-map fusion-google-map fusion-maps-js-type\" style=\"--awb-height:500px;\" id=\"fusion_map_69dcc76e1fa3b\"><\/div><div class=\"fusion-clearfix\"><\/div><\/div><\/div><\/div><\/div><\/p>\n","protected":false},"excerpt":{"rendered":"","protected":false},"author":1,"featured_media":0,"parent":0,"menu_order":0,"comment_status":"closed","ping_status":"closed","template":"100-width.php","meta":{"footnotes":""},"class_list":["post-4652","page","type-page","status-publish","hentry"],"acf":[],"yoast_head":"<!-- This site is optimized with the Yoast SEO Premium plugin v24.8 (Yoast SEO v27.3) - https:\/\/yoast.com\/product\/yoast-seo-premium-wordpress\/ -->\n<title>Contact &#8226; Orlando&#039;s Romania<\/title>\n<meta name=\"description\" content=\"Get in touch with Orlando&#039;s! Send us your message and we will contact you as soon as possible. Or call 021.351.45.57\/58, or email at office@orlandos.ro\" \/>\n<meta name=\"robots\" content=\"index, follow, max-snippet:-1, max-image-preview:large, max-video-preview:-1\" \/>\n<link rel=\"canonical\" href=\"https:\/\/orlandos.ro\/en\/contact\/\" \/>\n<meta property=\"og:locale\" content=\"en_US\" \/>\n<meta property=\"og:type\" content=\"article\" \/>\n<meta property=\"og:title\" content=\"Contact\" \/>\n<meta property=\"og:description\" content=\"Get in touch with Orlando&#039;s! Send us your message and we will contact you as soon as possible. Or call 021.351.45.57\/58, or email at office@orlandos.ro\" \/>\n<meta property=\"og:url\" content=\"https:\/\/orlandos.ro\/en\/contact\/\" \/>\n<meta property=\"og:site_name\" content=\"Orlando&#039;s Romania\" \/>\n<meta property=\"article:publisher\" content=\"https:\/\/www.facebook.com\/orlandos.ro\/\" \/>\n<meta property=\"article:modified_time\" content=\"2020-06-23T08:34:40+00:00\" \/>\n<meta name=\"twitter:card\" content=\"summary_large_image\" \/>\n<meta name=\"twitter:site\" content=\"@orlandos_ro\" \/>\n<meta name=\"twitter:label1\" content=\"Est. reading time\" \/>\n\t<meta name=\"twitter:data1\" content=\"6 minutes\" \/>\n<script type=\"application\/ld+json\" class=\"yoast-schema-graph\">{\"@context\":\"https:\\\/\\\/schema.org\",\"@graph\":[{\"@type\":\"WebPage\",\"@id\":\"https:\\\/\\\/orlandos.ro\\\/en\\\/contact\\\/\",\"url\":\"https:\\\/\\\/orlandos.ro\\\/en\\\/contact\\\/\",\"name\":\"Contact &#8226; Orlando&#039;s Romania\",\"isPartOf\":{\"@id\":\"https:\\\/\\\/orlandos.ro\\\/en\\\/#website\"},\"datePublished\":\"2017-12-28T09:10:00+00:00\",\"dateModified\":\"2020-06-23T08:34:40+00:00\",\"description\":\"Get in touch with Orlando's! Send us your message and we will contact you as soon as possible. Or call 021.351.45.57\\\/58, or email at office@orlandos.ro\",\"breadcrumb\":{\"@id\":\"https:\\\/\\\/orlandos.ro\\\/en\\\/contact\\\/#breadcrumb\"},\"inLanguage\":\"en-US\",\"potentialAction\":[{\"@type\":\"ReadAction\",\"target\":[\"https:\\\/\\\/orlandos.ro\\\/en\\\/contact\\\/\"]}]},{\"@type\":\"BreadcrumbList\",\"@id\":\"https:\\\/\\\/orlandos.ro\\\/en\\\/contact\\\/#breadcrumb\",\"itemListElement\":[{\"@type\":\"ListItem\",\"position\":1,\"name\":\"Home\",\"item\":\"https:\\\/\\\/orlandos.ro\\\/en\\\/\"},{\"@type\":\"ListItem\",\"position\":2,\"name\":\"Contact\"}]},{\"@type\":\"WebSite\",\"@id\":\"https:\\\/\\\/orlandos.ro\\\/en\\\/#website\",\"url\":\"https:\\\/\\\/orlandos.ro\\\/en\\\/\",\"name\":\"Orlando's Romania\",\"description\":\"R\u0103sfa\u0163\u0103-te cu deliciile Orlando&#039;s!\",\"publisher\":{\"@id\":\"https:\\\/\\\/orlandos.ro\\\/en\\\/#organization\"},\"potentialAction\":[{\"@type\":\"SearchAction\",\"target\":{\"@type\":\"EntryPoint\",\"urlTemplate\":\"https:\\\/\\\/orlandos.ro\\\/en\\\/?s={search_term_string}\"},\"query-input\":{\"@type\":\"PropertyValueSpecification\",\"valueRequired\":true,\"valueName\":\"search_term_string\"}}],\"inLanguage\":\"en-US\"},{\"@type\":\"Organization\",\"@id\":\"https:\\\/\\\/orlandos.ro\\\/en\\\/#organization\",\"name\":\"Orlando's\",\"url\":\"https:\\\/\\\/orlandos.ro\\\/en\\\/\",\"logo\":{\"@type\":\"ImageObject\",\"inLanguage\":\"en-US\",\"@id\":\"https:\\\/\\\/orlandos.ro\\\/en\\\/#\\\/schema\\\/logo\\\/image\\\/\",\"url\":\"https:\\\/\\\/orlandos.ro\\\/wp-content\\\/uploads\\\/2020\\\/03\\\/Orlandos-new-logo2x.png\",\"contentUrl\":\"https:\\\/\\\/orlandos.ro\\\/wp-content\\\/uploads\\\/2020\\\/03\\\/Orlandos-new-logo2x.png\",\"width\":240,\"height\":148,\"caption\":\"Orlando's\"},\"image\":{\"@id\":\"https:\\\/\\\/orlandos.ro\\\/en\\\/#\\\/schema\\\/logo\\\/image\\\/\"},\"sameAs\":[\"https:\\\/\\\/www.facebook.com\\\/orlandos.ro\\\/\",\"https:\\\/\\\/x.com\\\/orlandos_ro\",\"https:\\\/\\\/www.instagram.com\\\/orlandos.ro\\\/\",\"https:\\\/\\\/www.youtube.com\\\/c\\\/Orlandos\"]}]}<\/script>\n<!-- \/ Yoast SEO Premium plugin. -->","yoast_head_json":{"title":"Contact &#8226; Orlando&#039;s Romania","description":"Get in touch with Orlando's! Send us your message and we will contact you as soon as possible. Or call 021.351.45.57\/58, or email at office@orlandos.ro","robots":{"index":"index","follow":"follow","max-snippet":"max-snippet:-1","max-image-preview":"max-image-preview:large","max-video-preview":"max-video-preview:-1"},"canonical":"https:\/\/orlandos.ro\/en\/contact\/","og_locale":"en_US","og_type":"article","og_title":"Contact","og_description":"Get in touch with Orlando's! Send us your message and we will contact you as soon as possible. Or call 021.351.45.57\/58, or email at office@orlandos.ro","og_url":"https:\/\/orlandos.ro\/en\/contact\/","og_site_name":"Orlando&#039;s Romania","article_publisher":"https:\/\/www.facebook.com\/orlandos.ro\/","article_modified_time":"2020-06-23T08:34:40+00:00","twitter_card":"summary_large_image","twitter_site":"@orlandos_ro","twitter_misc":{"Est. reading time":"6 minutes"},"schema":{"@context":"https:\/\/schema.org","@graph":[{"@type":"WebPage","@id":"https:\/\/orlandos.ro\/en\/contact\/","url":"https:\/\/orlandos.ro\/en\/contact\/","name":"Contact &#8226; Orlando&#039;s Romania","isPartOf":{"@id":"https:\/\/orlandos.ro\/en\/#website"},"datePublished":"2017-12-28T09:10:00+00:00","dateModified":"2020-06-23T08:34:40+00:00","description":"Get in touch with Orlando's! Send us your message and we will contact you as soon as possible. Or call 021.351.45.57\/58, or email at office@orlandos.ro","breadcrumb":{"@id":"https:\/\/orlandos.ro\/en\/contact\/#breadcrumb"},"inLanguage":"en-US","potentialAction":[{"@type":"ReadAction","target":["https:\/\/orlandos.ro\/en\/contact\/"]}]},{"@type":"BreadcrumbList","@id":"https:\/\/orlandos.ro\/en\/contact\/#breadcrumb","itemListElement":[{"@type":"ListItem","position":1,"name":"Home","item":"https:\/\/orlandos.ro\/en\/"},{"@type":"ListItem","position":2,"name":"Contact"}]},{"@type":"WebSite","@id":"https:\/\/orlandos.ro\/en\/#website","url":"https:\/\/orlandos.ro\/en\/","name":"Orlando's Romania","description":"R\u0103sfa\u0163\u0103-te cu deliciile Orlando&#039;s!","publisher":{"@id":"https:\/\/orlandos.ro\/en\/#organization"},"potentialAction":[{"@type":"SearchAction","target":{"@type":"EntryPoint","urlTemplate":"https:\/\/orlandos.ro\/en\/?s={search_term_string}"},"query-input":{"@type":"PropertyValueSpecification","valueRequired":true,"valueName":"search_term_string"}}],"inLanguage":"en-US"},{"@type":"Organization","@id":"https:\/\/orlandos.ro\/en\/#organization","name":"Orlando's","url":"https:\/\/orlandos.ro\/en\/","logo":{"@type":"ImageObject","inLanguage":"en-US","@id":"https:\/\/orlandos.ro\/en\/#\/schema\/logo\/image\/","url":"https:\/\/orlandos.ro\/wp-content\/uploads\/2020\/03\/Orlandos-new-logo2x.png","contentUrl":"https:\/\/orlandos.ro\/wp-content\/uploads\/2020\/03\/Orlandos-new-logo2x.png","width":240,"height":148,"caption":"Orlando's"},"image":{"@id":"https:\/\/orlandos.ro\/en\/#\/schema\/logo\/image\/"},"sameAs":["https:\/\/www.facebook.com\/orlandos.ro\/","https:\/\/x.com\/orlandos_ro","https:\/\/www.instagram.com\/orlandos.ro\/","https:\/\/www.youtube.com\/c\/Orlandos"]}]}},"_links":{"self":[{"href":"https:\/\/orlandos.ro\/en\/wp-json\/wp\/v2\/pages\/4652","targetHints":{"allow":["GET"]}}],"collection":[{"href":"https:\/\/orlandos.ro\/en\/wp-json\/wp\/v2\/pages"}],"about":[{"href":"https:\/\/orlandos.ro\/en\/wp-json\/wp\/v2\/types\/page"}],"author":[{"embeddable":true,"href":"https:\/\/orlandos.ro\/en\/wp-json\/wp\/v2\/users\/1"}],"replies":[{"embeddable":true,"href":"https:\/\/orlandos.ro\/en\/wp-json\/wp\/v2\/comments?post=4652"}],"version-history":[{"count":0,"href":"https:\/\/orlandos.ro\/en\/wp-json\/wp\/v2\/pages\/4652\/revisions"}],"wp:attachment":[{"href":"https:\/\/orlandos.ro\/en\/wp-json\/wp\/v2\/media?parent=4652"}],"curies":[{"name":"wp","href":"https:\/\/api.w.org\/{rel}","templated":true}]}}