{"id":16981,"date":"2020-05-10T13:19:01","date_gmt":"2020-05-10T13:19:01","guid":{"rendered":"https:\/\/orlandos.ro\/how-to-buy\/"},"modified":"2020-05-10T13:21:19","modified_gmt":"2020-05-10T13:21:19","slug":"how-to-buy","status":"publish","type":"page","link":"https:\/\/orlandos.ro\/en\/how-to-buy\/","title":{"rendered":"How to buy"},"content":{"rendered":"<p><div class=\"fusion-fullwidth fullwidth-box fusion-builder-row-1 hundred-percent-fullwidth non-hundred-percent-height-scrolling mass-responsive-section\" style=\"--awb-background-position:left top;--awb-border-radius-top-left:0px;--awb-border-radius-top-right:0px;--awb-border-radius-bottom-right:0px;--awb-border-radius-bottom-left:0px;--awb-padding-top:20px;--awb-padding-bottom:50px;--awb-border-sizes-top:0px;--awb-border-sizes-bottom:0px;--awb-flex-wrap:wrap;\" id=\"section1\" ><div class=\"fusion-builder-row fusion-row\"><div class=\"fusion-layout-column fusion_builder_column fusion-builder-column-0 fusion_builder_column_1_1 1_1 fusion-one-full fusion-column-first fusion-column-last mass-intro\" style=\"--awb-padding-right:15%;--awb-padding-left:15%;--awb-bg-size:cover;\"><div class=\"fusion-column-wrapper fusion-column-has-shadow fusion-flex-column-wrapper-legacy\"><div class=\"fusion-text fusion-text-1\"><h1 style=\"text-align: center;\">How to buy?<\/h1>\n<\/div><div class=\"fusion-sep-clear\"><\/div><div class=\"fusion-separator\" style=\"margin-left: auto;margin-right: auto;margin-top:0px;margin-bottom:30px;width:100%;max-width:206px;\"><div class=\"fusion-separator-border sep-single sep-solid\" style=\"--awb-height:20px;--awb-amount:20px;--awb-sep-color:#f41000;border-color:#f41000;border-top-width:2px;\"><\/div><\/div><div class=\"fusion-sep-clear\"><\/div><div class=\"fusion-text fusion-text-2\"><p><strong>You can buy our products:<\/strong><br \/>\nOnline<\/p>\n<ul>\n<li>Choose the products you want, add them to your shopping cart.<\/li>\n<li>To complete the order, press the FINISH button.<\/li>\n<li>Enter the data required to process the order.<\/li>\n<li>Find out what else we are preparing for you, choose to receive our newsletter.<\/li>\n<li>You will receive an order confirmation email.<\/li>\n<\/ul>\n<p>By telephone, on working days Monday-Friday between 09:30 &#8211; 16:00 at the telephone number +40725 444 401.<\/p>\n<p>We recommend ordering online using the &#8220;Add to cart&#8221; method. This method gives you the opportunity to track the status of the order (eg being confirmed, being delivered, etc.).<\/p>\n<\/div><div class=\"fusion-clearfix\"><\/div><\/div><\/div><\/div><\/div><div class=\"fusion-fullwidth fullwidth-box fusion-builder-row-2 hundred-percent-fullwidth non-hundred-percent-height-scrolling\" style=\"--awb-background-position:left top;--awb-border-radius-top-left:0px;--awb-border-radius-top-right:0px;--awb-border-radius-bottom-right:0px;--awb-border-radius-bottom-left:0px;--awb-padding-top:0px;--awb-padding-left:30px;--awb-background-color:#f5f5f5;--awb-border-sizes-top:0px;--awb-border-sizes-bottom:0px;--awb-flex-wrap:wrap;\" ><div class=\"fusion-builder-row fusion-row\"><div class=\"fusion-layout-column fusion_builder_column fusion-builder-column-1 fusion_builder_column_1_1 1_1 fusion-one-full fusion-column-first fusion-column-last\" style=\"--awb-bg-size:cover;\"><div class=\"fusion-column-wrapper fusion-flex-column-wrapper-legacy\"><div class=\"fusion-section-separator section-separator big-half-circle fusion-section-separator-1\" style=\"--awb-spacer-height:99px;--awb-svg-margin-left:0;--awb-svg-margin-right:0;--awb-divider-height:99px;--awb-spacer-padding-top:inherit;--awb-sep-padding:0;--awb-svg-padding:0;\"><div class=\"fusion-section-separator-svg\"><svg class=\"fusion-big-half-circle-candy\" xmlns=\"http:\/\/www.w3.org\/2000\/svg\" version=\"1.1\" width=\"100%\" height=\"100\" viewBox=\"0 0 100 100\" preserveAspectRatio=\"none\" fill=\"rgba(255,255,255,1)\"><path d=\"M0 0 C55 180 100 0 100 0 Z\"><\/path><\/svg><\/div><div class=\"fusion-section-separator-spacer\"><div class=\"fusion-section-separator-spacer-height\"><\/div><\/div><\/div><div class=\"fusion-sep-clear\"><\/div><div class=\"fusion-separator fusion-full-width-sep\" style=\"margin-left: auto;margin-right: auto;margin-top:80px;width:100%;\"><\/div><div class=\"fusion-sep-clear\"><\/div><div class=\"fusion-clearfix\"><\/div><\/div><\/div><div class=\"fusion-layout-column fusion_builder_column fusion-builder-column-2 fusion_builder_column_1_1 1_1 fusion-one-full fusion-column-first fusion-column-last mass-intro\" style=\"--awb-padding-right:15%;--awb-padding-bottom:20px;--awb-padding-left:15%;--awb-bg-size:cover;\"><div class=\"fusion-column-wrapper fusion-column-has-shadow fusion-flex-column-wrapper-legacy\"><div class=\"fusion-text fusion-text-3\"><h2 style=\"font-weight: 300; text-align: center;\">1. Account creation<\/h2>\n<\/div><div class=\"fusion-sep-clear\"><\/div><div class=\"fusion-separator\" style=\"margin-left: auto;margin-right: auto;margin-top:0px;margin-bottom:30px;width:100%;max-width:206px;\"><div class=\"fusion-separator-border sep-single sep-solid\" style=\"--awb-height:20px;--awb-amount:20px;--awb-sep-color:#f41000;border-color:#f41000;border-top-width:2px;\"><\/div><\/div><div class=\"fusion-sep-clear\"><\/div><div class=\"fusion-text fusion-text-4\"><p>The easiest way is to create an account from the beginning, so that you can save your cart and shopping lists and place a quick order whenever you want.<\/p>\n<p>Having an account is not required to place an online order, but it can significantly help you manage and track your order.<\/p>\n<p>For those who do not want to create an account on the site, there is the option to shop without it, but you will not have access to your order, once sent for processing. It will take you much longer to complete the order form each time and you will not be able to create shopping lists or save your delivery addresses.<\/p>\n<\/div><div class=\"fusion-clearfix\"><\/div><\/div><\/div><div class=\"fusion-layout-column fusion_builder_column fusion-builder-column-3 fusion_builder_column_1_1 1_1 fusion-one-full fusion-column-first fusion-column-last mass-intro\" style=\"--awb-padding-right:15%;--awb-padding-bottom:20px;--awb-padding-left:15%;--awb-bg-size:cover;\"><div class=\"fusion-column-wrapper fusion-column-has-shadow fusion-flex-column-wrapper-legacy\"><div class=\"fusion-text fusion-text-5\"><h2 style=\"font-weight: 300; text-align: center;\">2. Adding products to the cart<\/h2>\n<\/div><div class=\"fusion-sep-clear\"><\/div><div class=\"fusion-separator\" style=\"margin-left: auto;margin-right: auto;margin-top:0px;margin-bottom:30px;width:100%;max-width:206px;\"><div class=\"fusion-separator-border sep-single sep-solid\" style=\"--awb-height:20px;--awb-amount:20px;--awb-sep-color:#f41000;border-color:#f41000;border-top-width:2px;\"><\/div><\/div><div class=\"fusion-sep-clear\"><\/div><div class=\"fusion-text fusion-text-6\"><p>It is very simple to add products to your shopping cart. Click the <strong> Add to cart <\/strong> button and the product is already in your cart.<\/p>\n<p>After you\u2019ve added the last product you want to the cart, click the <strong> Finish Order <\/strong> button<\/p>\n<\/div><div class=\"fusion-clearfix\"><\/div><\/div><\/div><div class=\"fusion-layout-column fusion_builder_column fusion-builder-column-4 fusion_builder_column_1_1 1_1 fusion-one-full fusion-column-first fusion-column-last mass-intro\" style=\"--awb-padding-right:15%;--awb-padding-bottom:20px;--awb-padding-left:15%;--awb-bg-size:cover;\"><div class=\"fusion-column-wrapper fusion-column-has-shadow fusion-flex-column-wrapper-legacy\"><div class=\"fusion-text fusion-text-7\"><h2 style=\"font-weight: 300; text-align: center;\">3. Choosing the payment and delivery method<\/h2>\n<\/div><div class=\"fusion-sep-clear\"><\/div><div class=\"fusion-separator\" style=\"margin-left: auto;margin-right: auto;margin-top:0px;margin-bottom:30px;width:100%;max-width:206px;\"><div class=\"fusion-separator-border sep-single sep-solid\" style=\"--awb-height:20px;--awb-amount:20px;--awb-sep-color:#f41000;border-color:#f41000;border-top-width:2px;\"><\/div><\/div><div class=\"fusion-sep-clear\"><\/div><div class=\"fusion-text fusion-text-8\"><p>After adding all the desired products to the cart, you will be able to choose the delivery address from those previously saved or complete a new one.<\/p>\n<p>Payment can be made on the spot, using the online payment system, with a Visa, Visa Electron, MasterCard or Maestro card. Products can be paid and refunded upon receipt of the package.<\/p>\n<\/div><div class=\"fusion-clearfix\"><\/div><\/div><\/div><div class=\"fusion-layout-column fusion_builder_column fusion-builder-column-5 fusion_builder_column_1_1 1_1 fusion-one-full fusion-column-first fusion-column-last mass-intro\" style=\"--awb-padding-right:15%;--awb-padding-bottom:20px;--awb-padding-left:15%;--awb-bg-size:cover;\"><div class=\"fusion-column-wrapper fusion-column-has-shadow fusion-flex-column-wrapper-legacy\"><div class=\"fusion-text fusion-text-9\"><h2 style=\"font-weight: 300; text-align: center;\">4. Email confirmation<\/h2>\n<\/div><div class=\"fusion-sep-clear\"><\/div><div class=\"fusion-separator\" style=\"margin-left: auto;margin-right: auto;margin-top:0px;margin-bottom:30px;width:100%;max-width:206px;\"><div class=\"fusion-separator-border sep-single sep-solid\" style=\"--awb-height:20px;--awb-amount:20px;--awb-sep-color:#f41000;border-color:#f41000;border-top-width:2px;\"><\/div><\/div><div class=\"fusion-sep-clear\"><\/div><div class=\"fusion-text fusion-text-10\"><p>You will receive an order confirmation email. If you have an online account, you will be able to access the administration panel, where you have several administrative tools, such as tracking active orders, viewing the order history, managing wish lists and more.<\/p>\n<\/div><div class=\"fusion-clearfix\"><\/div><\/div><\/div><\/div><\/div><div class=\"fusion-fullwidth fullwidth-box fusion-builder-row-3 nonhundred-percent-fullwidth non-hundred-percent-height-scrolling fusion-equal-height-columns\" style=\"--awb-background-position:center bottom;--awb-border-radius-top-left:0px;--awb-border-radius-top-right:0px;--awb-border-radius-bottom-right:0px;--awb-border-radius-bottom-left:0px;--awb-padding-top:50px;--awb-padding-bottom:40px;--awb-border-sizes-top:0px;--awb-border-sizes-bottom:0px;--awb-flex-wrap:wrap;\" ><div class=\"fusion-builder-row fusion-row\"><div class=\"fusion-layout-column fusion_builder_column fusion-builder-column-6 fusion_builder_column_2_3 2_3 fusion-two-third fusion-column-first\" style=\"--awb-bg-size:cover;--awb-margin-bottom:25px;width:66.666666666667%;width:calc(66.666666666667% - ( ( 50px ) * 0.66666666666667 ) );margin-right: 50px;\"><div class=\"fusion-column-wrapper fusion-flex-column-wrapper-legacy\"><div class=\"fusion-column-content-centered\"><div class=\"fusion-column-content\"><div class=\"fusion-text fusion-text-11\"><h1 style=\"font-weight: 300;\">Take advantage of our offers<\/h1>\n<\/div><div class=\"fusion-sep-clear\"><\/div><div class=\"fusion-separator fusion-clearfix\" style=\"float:left;margin-top:0px;margin-bottom:30px;width:100%;max-width:206px;\"><div class=\"fusion-separator-border sep-single sep-solid\" style=\"--awb-height:20px;--awb-amount:20px;--awb-sep-color:#f41000;border-color:#f41000;border-top-width:2px;\"><\/div><\/div><div class=\"fusion-sep-clear\"><\/div><div class=\"fusion-text fusion-text-12\"><h3>Keep this page under observation or subscribe to the newsletter so you will not miss a chance to win prizes or enjoy the products you love at a better price than usual.<\/h3>\n<\/div><\/div><\/div><div class=\"fusion-clearfix\"><\/div><\/div><\/div><div class=\"fusion-layout-column fusion_builder_column fusion-builder-column-7 fusion_builder_column_1_3 1_3 fusion-one-third fusion-column-last\" style=\"--awb-bg-size:cover;width:33.333333333333%;width:calc(33.333333333333% - ( ( 50px ) * 0.33333333333333 ) );\"><div class=\"fusion-column-wrapper fusion-flex-column-wrapper-legacy\"><div class=\"fusion-column-content-centered\"><div class=\"fusion-column-content\">\r\n        \r\n\r\n                <form class=\"wpuf-form-add weforms-14013  wpuf-style\" action=\"\" method=\"post\"   id=\"\">\r\n\r\n            <ul class=\"wpuf-form form-label-hidden\">\r\n\r\n                        <li class=\"wpuf-el your_email_address\" data-label=\"Your email address\">\r\n                    <div class=\"wpuf-label\">\r\n            <label for=\"your_email_address_14013\">Your email address <span class=\"required\">*<\/span><\/label>\r\n        <\/div>\r\n        \r\n            <div class=\"wpuf-fields\">\r\n                <input\r\n                    id=\"your_email_address_14013\"\r\n                    type=\"email\"\r\n                    class=\"email  wpuf_your_email_address_14013\"\r\n                    data-duplicate=\"no\"\r\n                    data-required=\"yes\"\r\n                    data-type=\"email\"\r\n                    data-style=\"wpuf-style\"\r\n                    name=\"your_email_address\"\r\n                    placeholder=\"Your email address\"\r\n                    value=\"\"\r\n                    size=\"\"\r\n                    autocomplete=\"email\"\r\n                \/>\r\n                            <\/div>\r\n        <\/li>\r\n                <li class=\"wpuf-submit\">\r\n            <div class=\"wpuf-label\">\r\n                &nbsp;\r\n            <\/div>\r\n\r\n            <input type=\"hidden\" id=\"_wpnonce\" name=\"_wpnonce\" value=\"ddae898150\" \/><input type=\"hidden\" name=\"_wp_http_referer\" value=\"\/en\/wp-json\/wp\/v2\/pages\/16981\" \/>\r\n            <input type=\"hidden\" name=\"form_id\" value=\"14013\">\r\n            <input type=\"hidden\" name=\"page_id\" value=\"16981\">\r\n            <input type=\"hidden\" name=\"action\" value=\"weforms_frontend_submit\">\r\n\r\n                            <input type=\"hidden\" name=\"weforms-front-report\" value=\"no\">\r\n            \r\n            \r\n                            <input type=\"submit\" class=\"weforms_submit_btn wpuf_submit_14013\" name=\"submit\" value=\"SEND\" \/>\r\n                    <\/li>\r\n                <\/ul>\r\n\r\n        <\/form>\r\n                <div class=\"fusion-sep-clear\"><\/div><div class=\"fusion-separator fusion-full-width-sep\" style=\"margin-left: auto;margin-right: auto;margin-top:10px;width:100%;\"><\/div><div class=\"fusion-sep-clear\"><\/div><div class=\"fusion-text fusion-text-13\"><p style=\"text-align: left;\">It only takes a few seconds!<\/p>\n<\/div><\/div><\/div><div class=\"fusion-clearfix\"><\/div><\/div><\/div><\/div><\/div><\/p>\n","protected":false},"excerpt":{"rendered":"","protected":false},"author":1,"featured_media":0,"parent":0,"menu_order":0,"comment_status":"closed","ping_status":"closed","template":"100-width.php","meta":{"footnotes":""},"class_list":["post-16981","page","type-page","status-publish","hentry"],"acf":[],"yoast_head":"<!-- This site is optimized with the Yoast SEO Premium plugin v24.8 (Yoast SEO v27.5) - https:\/\/yoast.com\/product\/yoast-seo-premium-wordpress\/ -->\n<title>How to buy &#8226; Orlando&#039;s Romania<\/title>\n<meta name=\"description\" content=\"You can buy our products online or by phone, on weekdays Monday-Friday between 09.30 - 16.00 at the phone number +40725 444 401.\" \/>\n<meta name=\"robots\" content=\"index, follow, max-snippet:-1, max-image-preview:large, max-video-preview:-1\" \/>\n<link rel=\"canonical\" href=\"https:\/\/orlandos.ro\/en\/how-to-buy\/\" \/>\n<meta property=\"og:locale\" content=\"en_US\" \/>\n<meta property=\"og:type\" content=\"article\" \/>\n<meta property=\"og:title\" content=\"How to buy\" \/>\n<meta property=\"og:description\" content=\"You can buy our products online or by phone, on weekdays Monday-Friday between 09.30 - 16.00 at the phone number +40725 444 401.\" \/>\n<meta property=\"og:url\" content=\"https:\/\/orlandos.ro\/en\/how-to-buy\/\" \/>\n<meta property=\"og:site_name\" content=\"Orlando&#039;s Romania\" \/>\n<meta property=\"article:publisher\" content=\"https:\/\/www.facebook.com\/orlandos.ro\/\" \/>\n<meta property=\"article:modified_time\" content=\"2020-05-10T13:21:19+00:00\" \/>\n<meta name=\"twitter:card\" content=\"summary_large_image\" \/>\n<meta name=\"twitter:site\" content=\"@orlandos_ro\" \/>\n<meta name=\"twitter:label1\" content=\"Est. reading time\" \/>\n\t<meta name=\"twitter:data1\" content=\"14 minutes\" \/>\n<script type=\"application\/ld+json\" class=\"yoast-schema-graph\">{\"@context\":\"https:\\\/\\\/schema.org\",\"@graph\":[{\"@type\":\"WebPage\",\"@id\":\"https:\\\/\\\/orlandos.ro\\\/en\\\/how-to-buy\\\/\",\"url\":\"https:\\\/\\\/orlandos.ro\\\/en\\\/how-to-buy\\\/\",\"name\":\"How to buy &#8226; Orlando&#039;s Romania\",\"isPartOf\":{\"@id\":\"https:\\\/\\\/orlandos.ro\\\/en\\\/#website\"},\"datePublished\":\"2020-05-10T13:19:01+00:00\",\"dateModified\":\"2020-05-10T13:21:19+00:00\",\"description\":\"You can buy our products online or by phone, on weekdays Monday-Friday between 09.30 - 16.00 at the phone number +40725 444 401.\",\"breadcrumb\":{\"@id\":\"https:\\\/\\\/orlandos.ro\\\/en\\\/how-to-buy\\\/#breadcrumb\"},\"inLanguage\":\"en-US\",\"potentialAction\":[{\"@type\":\"ReadAction\",\"target\":[\"https:\\\/\\\/orlandos.ro\\\/en\\\/how-to-buy\\\/\"]}]},{\"@type\":\"BreadcrumbList\",\"@id\":\"https:\\\/\\\/orlandos.ro\\\/en\\\/how-to-buy\\\/#breadcrumb\",\"itemListElement\":[{\"@type\":\"ListItem\",\"position\":1,\"name\":\"Home\",\"item\":\"https:\\\/\\\/orlandos.ro\\\/en\\\/\"},{\"@type\":\"ListItem\",\"position\":2,\"name\":\"How to buy\"}]},{\"@type\":\"WebSite\",\"@id\":\"https:\\\/\\\/orlandos.ro\\\/en\\\/#website\",\"url\":\"https:\\\/\\\/orlandos.ro\\\/en\\\/\",\"name\":\"Orlando's Romania\",\"description\":\"R\u0103sfa\u0163\u0103-te cu deliciile Orlando&#039;s!\",\"publisher\":{\"@id\":\"https:\\\/\\\/orlandos.ro\\\/en\\\/#organization\"},\"potentialAction\":[{\"@type\":\"SearchAction\",\"target\":{\"@type\":\"EntryPoint\",\"urlTemplate\":\"https:\\\/\\\/orlandos.ro\\\/en\\\/?s={search_term_string}\"},\"query-input\":{\"@type\":\"PropertyValueSpecification\",\"valueRequired\":true,\"valueName\":\"search_term_string\"}}],\"inLanguage\":\"en-US\"},{\"@type\":\"Organization\",\"@id\":\"https:\\\/\\\/orlandos.ro\\\/en\\\/#organization\",\"name\":\"Orlando's\",\"url\":\"https:\\\/\\\/orlandos.ro\\\/en\\\/\",\"logo\":{\"@type\":\"ImageObject\",\"inLanguage\":\"en-US\",\"@id\":\"https:\\\/\\\/orlandos.ro\\\/en\\\/#\\\/schema\\\/logo\\\/image\\\/\",\"url\":\"https:\\\/\\\/orlandos.ro\\\/wp-content\\\/uploads\\\/2020\\\/03\\\/Orlandos-new-logo2x.png\",\"contentUrl\":\"https:\\\/\\\/orlandos.ro\\\/wp-content\\\/uploads\\\/2020\\\/03\\\/Orlandos-new-logo2x.png\",\"width\":240,\"height\":148,\"caption\":\"Orlando's\"},\"image\":{\"@id\":\"https:\\\/\\\/orlandos.ro\\\/en\\\/#\\\/schema\\\/logo\\\/image\\\/\"},\"sameAs\":[\"https:\\\/\\\/www.facebook.com\\\/orlandos.ro\\\/\",\"https:\\\/\\\/x.com\\\/orlandos_ro\",\"https:\\\/\\\/www.instagram.com\\\/orlandos.ro\\\/\",\"https:\\\/\\\/www.youtube.com\\\/c\\\/Orlandos\"]}]}<\/script>\n<!-- \/ Yoast SEO Premium plugin. -->","yoast_head_json":{"title":"How to buy &#8226; Orlando&#039;s Romania","description":"You can buy our products online or by phone, on weekdays Monday-Friday between 09.30 - 16.00 at the phone number +40725 444 401.","robots":{"index":"index","follow":"follow","max-snippet":"max-snippet:-1","max-image-preview":"max-image-preview:large","max-video-preview":"max-video-preview:-1"},"canonical":"https:\/\/orlandos.ro\/en\/how-to-buy\/","og_locale":"en_US","og_type":"article","og_title":"How to buy","og_description":"You can buy our products online or by phone, on weekdays Monday-Friday between 09.30 - 16.00 at the phone number +40725 444 401.","og_url":"https:\/\/orlandos.ro\/en\/how-to-buy\/","og_site_name":"Orlando&#039;s Romania","article_publisher":"https:\/\/www.facebook.com\/orlandos.ro\/","article_modified_time":"2020-05-10T13:21:19+00:00","twitter_card":"summary_large_image","twitter_site":"@orlandos_ro","twitter_misc":{"Est. reading time":"14 minutes"},"schema":{"@context":"https:\/\/schema.org","@graph":[{"@type":"WebPage","@id":"https:\/\/orlandos.ro\/en\/how-to-buy\/","url":"https:\/\/orlandos.ro\/en\/how-to-buy\/","name":"How to buy &#8226; Orlando&#039;s Romania","isPartOf":{"@id":"https:\/\/orlandos.ro\/en\/#website"},"datePublished":"2020-05-10T13:19:01+00:00","dateModified":"2020-05-10T13:21:19+00:00","description":"You can buy our products online or by phone, on weekdays Monday-Friday between 09.30 - 16.00 at the phone number +40725 444 401.","breadcrumb":{"@id":"https:\/\/orlandos.ro\/en\/how-to-buy\/#breadcrumb"},"inLanguage":"en-US","potentialAction":[{"@type":"ReadAction","target":["https:\/\/orlandos.ro\/en\/how-to-buy\/"]}]},{"@type":"BreadcrumbList","@id":"https:\/\/orlandos.ro\/en\/how-to-buy\/#breadcrumb","itemListElement":[{"@type":"ListItem","position":1,"name":"Home","item":"https:\/\/orlandos.ro\/en\/"},{"@type":"ListItem","position":2,"name":"How to buy"}]},{"@type":"WebSite","@id":"https:\/\/orlandos.ro\/en\/#website","url":"https:\/\/orlandos.ro\/en\/","name":"Orlando's Romania","description":"R\u0103sfa\u0163\u0103-te cu deliciile Orlando&#039;s!","publisher":{"@id":"https:\/\/orlandos.ro\/en\/#organization"},"potentialAction":[{"@type":"SearchAction","target":{"@type":"EntryPoint","urlTemplate":"https:\/\/orlandos.ro\/en\/?s={search_term_string}"},"query-input":{"@type":"PropertyValueSpecification","valueRequired":true,"valueName":"search_term_string"}}],"inLanguage":"en-US"},{"@type":"Organization","@id":"https:\/\/orlandos.ro\/en\/#organization","name":"Orlando's","url":"https:\/\/orlandos.ro\/en\/","logo":{"@type":"ImageObject","inLanguage":"en-US","@id":"https:\/\/orlandos.ro\/en\/#\/schema\/logo\/image\/","url":"https:\/\/orlandos.ro\/wp-content\/uploads\/2020\/03\/Orlandos-new-logo2x.png","contentUrl":"https:\/\/orlandos.ro\/wp-content\/uploads\/2020\/03\/Orlandos-new-logo2x.png","width":240,"height":148,"caption":"Orlando's"},"image":{"@id":"https:\/\/orlandos.ro\/en\/#\/schema\/logo\/image\/"},"sameAs":["https:\/\/www.facebook.com\/orlandos.ro\/","https:\/\/x.com\/orlandos_ro","https:\/\/www.instagram.com\/orlandos.ro\/","https:\/\/www.youtube.com\/c\/Orlandos"]}]}},"_links":{"self":[{"href":"https:\/\/orlandos.ro\/en\/wp-json\/wp\/v2\/pages\/16981","targetHints":{"allow":["GET"]}}],"collection":[{"href":"https:\/\/orlandos.ro\/en\/wp-json\/wp\/v2\/pages"}],"about":[{"href":"https:\/\/orlandos.ro\/en\/wp-json\/wp\/v2\/types\/page"}],"author":[{"embeddable":true,"href":"https:\/\/orlandos.ro\/en\/wp-json\/wp\/v2\/users\/1"}],"replies":[{"embeddable":true,"href":"https:\/\/orlandos.ro\/en\/wp-json\/wp\/v2\/comments?post=16981"}],"version-history":[{"count":0,"href":"https:\/\/orlandos.ro\/en\/wp-json\/wp\/v2\/pages\/16981\/revisions"}],"wp:attachment":[{"href":"https:\/\/orlandos.ro\/en\/wp-json\/wp\/v2\/media?parent=16981"}],"curies":[{"name":"wp","href":"https:\/\/api.w.org\/{rel}","templated":true}]}}